{"id":13,"date":"2018-04-24T08:36:11","date_gmt":"2018-04-24T11:36:11","guid":{"rendered":"https:\/\/gruposergus.com\/?page_id=13"},"modified":"2022-06-15T13:53:04","modified_gmt":"2022-06-15T16:53:04","slug":"quienes-somos","status":"publish","type":"page","link":"https:\/\/gruposergus.com\/?page_id=13","title":{"rendered":"Quienes Somos?"},"content":{"rendered":"<p>[vc_row css=&#8221;.vc_custom_1655259953270{padding-top: 80px !important;padding-bottom: 80px !important;background-image: url(https:\/\/gruposergus.com\/wp-content\/uploads\/2022\/06\/bg-cm2-1.png?id=2286) !important;background-position: center !important;background-repeat: no-repeat !important;background-size: cover !important;}&#8221;][vc_column width=&#8221;1\/4&#8243;][\/vc_column][vc_column width=&#8221;1\/2&#8243;][vc_custom_heading text=&#8221;Acerca de Grupo Sergus&#8221; font_container=&#8221;tag:h2|font_size:2.875rem|text_align:center&#8221; use_theme_fonts=&#8221;yes&#8221;][vc_empty_space height=&#8221;10px&#8221;][vc_custom_heading text=&#8221;Grupo Sergus naci\u00f3 en 2013 con la misi\u00f3n de satisfacer las necesidades de seguridad que ten\u00edan las empresas, permiti\u00e9ndoles concentrarse en el n\u00facleo del negocio y mejorando la vida de cada uno de los colaboradores.&#8221; font_container=&#8221;tag:div|text_align:center&#8221; use_theme_fonts=&#8221;yes&#8221;][\/vc_column][vc_column width=&#8221;1\/4&#8243;][\/vc_column][\/vc_row][vc_row][vc_column offset=&#8221;vc_hidden-sm vc_hidden-xs&#8221;][vc_widget_sidebar sidebar_id=&#8221;sidebar-5b6cfa681b024&#8243;][vc_btn title=&#8221;Descargar Brochure corporativo&#8221; color=&#8221;primary&#8221; align=&#8221;center&#8221; i_icon_fontawesome=&#8221;fas fa-chevron-circle-down&#8221; css_animation=&#8221;fadeInUp&#8221; add_icon=&#8221;true&#8221; link=&#8221;url:https%3A%2F%2Fgruposergus.com%2FBrochure-Sergus.pdf|title:Brochure|target:_blank&#8221;][\/vc_column][\/vc_row][vc_row css=&#8221;.vc_custom_1536635902854{margin-bottom: 60px !important;padding-top: 60px !important;}&#8221;][vc_column css_animation=&#8221;fadeInLeft&#8221; width=&#8221;1\/2&#8243; offset=&#8221;vc_col-xs-6&#8243;][vc_single_image image=&#8221;1929&#8243; img_size=&#8221;1000&#215;852&#8243; style=&#8221;vc_box_rounded&#8221; css_animation=&#8221;none&#8221;][\/vc_column][vc_column css_animation=&#8221;fadeInRight&#8221; width=&#8221;1\/2&#8243; offset=&#8221;vc_col-xs-6&#8243;][vc_single_image image=&#8221;2109&#8243; img_size=&#8221;1000&#215;400&#8243; style=&#8221;vc_box_rounded&#8221; css_animation=&#8221;none&#8221;][vc_empty_space height=&#8221;30px&#8221;][vc_single_image image=&#8221;2104&#8243; img_size=&#8221;1000&#215;400&#8243; style=&#8221;vc_box_rounded&#8221; css_animation=&#8221;none&#8221;][\/vc_column][\/vc_row][vc_row][vc_column width=&#8221;1\/6&#8243;][\/vc_column][vc_column width=&#8221;2\/3&#8243;][vc_custom_heading text=&#8221;Deja de preocuparte por los problemas de seguridad y limpieza. Conc\u00e9ntrese en su negocio.<br \/>\nPerm\u00edtanos brindarle el apoyo que se merece.&#8221; font_container=&#8221;tag:h2|text_align:center&#8221; use_theme_fonts=&#8221;yes&#8221;][vc_empty_space height=&#8221;20px&#8221;][vc_column_text]<\/p>\n<p style=\"text-align: center;\"><span style=\"font-weight: 400;\">Grupo Sergus somos expertos en seguridad y personas, no solo protegemos tus bienes sino que entendemos las necesidades de nuestros clientes y sus colaboradores. Nuestra experiencia y diversidad de clientes nos ha permitido desarrollar distintas soluciones que cumplen los m\u00e1s altos est\u00e1ndares del mercado. Disponemos de amplios servicios que buscan satisfacer las necesidades de nuestros clientes y hacer de su trabajo algo m\u00e1s eficiente y placentero. <\/span><\/p>\n<p style=\"text-align: center;\"><span style=\"font-weight: 400;\">Ofrecemos servicios de facility management que tienen por objetivo proporcionar a nuestros clientes un servicio de calidad que permita una gesti\u00f3n eficiente de sus instalaciones, de forma que \u00e9sta pueda centrarse en su negocio. <\/span><\/p>\n<p>[\/vc_column_text][vc_video link=&#8221;https:\/\/youtu.be\/TmW4ZRHY5DQ&#8221; el_width=&#8221;80&#8243; align=&#8221;center&#8221; css_animation=&#8221;fadeInRight&#8221; title=&#8221;Somos Sergus, somos soluciones&#8221;][vc_empty_space height=&#8221;30px&#8221;][\/vc_column][vc_column width=&#8221;1\/6&#8243;][\/vc_column][\/vc_row][vc_row el_class=&#8221;gradient2 fix-overflow&#8221; css=&#8221;.vc_custom_1575620693004{padding-bottom: 50px !important;}&#8221;][vc_column css_animation=&#8221;fadeIn&#8221; width=&#8221;1\/3&#8243; el_class=&#8221;delay-1&#8243;]<div class=\"iconbox style2 \">\n\n\t<h4 class=\"box-title\">Que hacemos?<\/h4>\n\t<div class=\"box-detail\">\n\t\t<p>Ofrecemos, Servicios de Facility Management con objetivos de permitir una gesti\u00f3n eficiente y de calidad a nuestros clientes.<\/p>\n\t\n\t<\/div>\n\t<div class=\"box-icon\"><img decoding=\"async\" src=\"https:\/\/gruposergus.com\/wp-content\/uploads\/2022\/03\/centro-de-llamadas1.png\" alt=\"Que hacemos?\" \/><\/div>\t\n\t\n\t\t<div class=\"box-readmore\">\n\t\t\t<a class=\"button no-bg\" href=\"https:\/\/gruposergus.com\/?page_id=721\">Explora nuestros servicios<\/a>\n\t\t<\/div>\n<\/div>[vc_empty_space height=&#8221;30px&#8221;][\/vc_column][vc_column css_animation=&#8221;fadeIn&#8221; width=&#8221;1\/3&#8243; el_class=&#8221;delay-2&#8243;]<div class=\"iconbox style2 \">\n\n\t<h4 class=\"box-title\">Soluciones<\/h4>\n\t<div class=\"box-detail\">\n\t\t<p>Reducci\u00f3n de costes, mayor facilidad contractual, comunicacion efectiva, optimizaci\u00f3n de los procesos de negocios y mucho m\u00e1s.<\/p>\n\t\n\t<\/div>\n\t<div class=\"box-icon\"><img decoding=\"async\" src=\"https:\/\/gruposergus.com\/wp-content\/uploads\/2022\/03\/solutions.png\" alt=\"Soluciones\" \/><\/div>\t\n\t\n<\/div>[vc_empty_space height=&#8221;30px&#8221;][\/vc_column][vc_column css_animation=&#8221;fadeIn&#8221; width=&#8221;1\/3&#8243; el_class=&#8221;delay-3&#8243;]<div class=\"iconbox style2 \">\n\n\t<h4 class=\"box-title\">Eligenos!<\/h4>\n\t<div class=\"box-detail\">\n\t\t<p>Somos una empresa responsable y expertos en el \u00e1rea de Facility Management, Visualizamos los puntos d\u00e9biles y proponemos mejoras a nuestros clientes.<\/p>\n\t\n\t<\/div>\n\t<div class=\"box-icon\"><img decoding=\"async\" src=\"https:\/\/gruposergus.com\/wp-content\/uploads\/2022\/03\/escoger.png\" alt=\"Eligenos!\" \/><\/div>\t\n\t\n\t\t<div class=\"box-readmore\">\n\t\t\t<a class=\"button no-bg\" href=\"https:\/\/gruposergus.com\/?page_id=239\">Contactanos<\/a>\n\t\t<\/div>\n<\/div>[vc_empty_space height=&#8221;30px&#8221;][\/vc_column][\/vc_row]<\/p>\n","protected":false},"excerpt":{"rendered":"<p>[vc_row css=&#8221;.vc_custom_1655259953270{padding-top: 80px !important;padding-bottom: 80px !important;background-image: url(https:\/\/gruposergus.com\/wp-content\/uploads\/2022\/06\/bg-cm2-1.png?id=2286) !important;background-position: center !important;background-repeat: no-repeat !important;background-size: cover !important;}&#8221;][vc_column width=&#8221;1\/4&#8243;][\/vc_column][vc_column width=&#8221;1\/2&#8243;][vc_custom_heading text=&#8221;Acerca de Grupo Sergus&#8221; font_container=&#8221;tag:h2|font_size:2.875rem|text_align:center&#8221; use_theme_fonts=&#8221;yes&#8221;][vc_empty_space height=&#8221;10px&#8221;][vc_custom_heading text=&#8221;Grupo Sergus naci\u00f3 en 2013 con la misi\u00f3n de satisfacer las necesidades de seguridad que ten\u00edan las empresas, permiti\u00e9ndoles concentrarse en el n\u00facleo del negocio y mejorando la vida de cada uno [&hellip;]<\/p>\n","protected":false},"author":1,"featured_media":0,"parent":0,"menu_order":0,"comment_status":"closed","ping_status":"closed","template":"tmpl\/template-fullwidth.php","meta":{"footnotes":""},"class_list":["post-13","page","type-page","status-publish","hentry"],"acf":[],"_links":{"self":[{"href":"https:\/\/gruposergus.com\/index.php?rest_route=\/wp\/v2\/pages\/13","targetHints":{"allow":["GET"]}}],"collection":[{"href":"https:\/\/gruposergus.com\/index.php?rest_route=\/wp\/v2\/pages"}],"about":[{"href":"https:\/\/gruposergus.com\/index.php?rest_route=\/wp\/v2\/types\/page"}],"author":[{"embeddable":true,"href":"https:\/\/gruposergus.com\/index.php?rest_route=\/wp\/v2\/users\/1"}],"replies":[{"embeddable":true,"href":"https:\/\/gruposergus.com\/index.php?rest_route=%2Fwp%2Fv2%2Fcomments&post=13"}],"version-history":[{"count":18,"href":"https:\/\/gruposergus.com\/index.php?rest_route=\/wp\/v2\/pages\/13\/revisions"}],"predecessor-version":[{"id":2297,"href":"https:\/\/gruposergus.com\/index.php?rest_route=\/wp\/v2\/pages\/13\/revisions\/2297"}],"wp:attachment":[{"href":"https:\/\/gruposergus.com\/index.php?rest_route=%2Fwp%2Fv2%2Fmedia&parent=13"}],"curies":[{"name":"wp","href":"https:\/\/api.w.org\/{rel}","templated":true}]}}