{"id":690,"date":"2018-08-08T09:53:41","date_gmt":"2018-08-08T09:53:41","guid":{"rendered":"https:\/\/gruposergus.com\/?page_id=690"},"modified":"2024-04-13T02:35:04","modified_gmt":"2024-04-13T05:35:04","slug":"rrhh","status":"publish","type":"page","link":"https:\/\/gruposergus.com\/?page_id=690","title":{"rendered":"Gestion de Recursos Humanos"},"content":{"rendered":"<p>[vc_section el_class=&#8221;mask&#8221; css=&#8221;.vc_custom_1712985945503{background: rgba(199,0,255,0.3) url(https:\/\/gruposergus.com\/wp-content\/uploads\/2024\/04\/adult-architect-blueprint-416405-2-scaled-1.jpg?id=2396) !important;background-position: center !important;background-repeat: no-repeat !important;background-size: cover !important;*background-color: rgb(199,0,255) !important;}&#8221;][vc_row css=&#8221;.vc_custom_1575621124468{padding-top: 10% !important;padding-bottom: 10% !important;background-color: rgba(0,0,0,0.3) !important;*background-color: rgb(0,0,0) !important;}&#8221;][vc_column width=&#8221;1\/6&#8243;][\/vc_column][vc_column width=&#8221;2\/3&#8243;][vc_custom_heading text=&#8221;Disponibilidad de personas y equipos de trabajo para su empresa&#8221; font_container=&#8221;tag:h2|font_size:2.875rem|text_align:center|color:%23ffffff&#8221; use_theme_fonts=&#8221;yes&#8221;][vc_empty_space height=&#8221;30px&#8221;][vc_column_text]<\/p>\n<p style=\"text-align: center;\"><a class=\"button round outline\" href=\"https:\/\/gruposergus.com\/contact-us\/\">Contacte a su asesor Sergus<\/a><\/p>\n<p>[\/vc_column_text][\/vc_column][vc_column width=&#8221;1\/6&#8243;][\/vc_column][\/vc_row][vc_row css=&#8221;.vc_custom_1575621131019{background-color: rgba(0,0,0,0.3) !important;*background-color: rgb(0,0,0) !important;}&#8221;][vc_column][vc_text_separator title=&#8221;Somos l\u00edderes en facilities management&#8221; color=&#8221;custom&#8221; el_width=&#8221;50&#8243; accent_color=&#8221;rgba(255,255,255,0.25)&#8221;][vc_empty_space height=&#8221;20px&#8221;][\/vc_column][\/vc_row][\/vc_section][vc_row][vc_column offset=&#8221;vc_hidden-sm vc_hidden-xs&#8221;][vc_widget_sidebar sidebar_id=&#8221;sidebar-5b6cfa681b024&#8243;][\/vc_column][\/vc_row][vc_section css=&#8221;.vc_custom_1575621147911{padding-top: 60px !important;padding-bottom: 80px !important;}&#8221;][vc_row gap=&#8221;30&#8243; content_placement=&#8221;middle&#8221; css=&#8221;.vc_custom_1575621153131{margin-right: -15px !important;margin-left: -15px !important;}&#8221;][vc_column width=&#8221;1\/2&#8243;][vc_single_image image=&#8221;141&#8243; img_size=&#8221;800&#215;500&#8243; style=&#8221;vc_box_rounded&#8221;][vc_empty_space height=&#8221;20px&#8221;][\/vc_column][vc_column width=&#8221;1\/2&#8243;][vc_column_text]<\/p>\n<h3 class=\"no-margin-top\">Externalizaci\u00f3n especifica, especializada, t\u00e9cnica o profesional<\/h3>\n<p>Nuestro equipo de gesti\u00f3n de instalaciones proporciona soluciones a una amplia gama de clientes del sector privado y p\u00fablico. Trabajando juntos para ofrecer resultados sobresalientes para los clientes y las comunidades, nuestro profesionales abarcan diversas areas de desarrollo industrial, comercial y administrativo, desde la gesti\u00f3n de proyectos y el cumplimiento normativo hasta cargos administrativos o ejecutivos.[\/vc_column_text][vc_empty_space height=&#8221;20px&#8221;][\/vc_column][\/vc_row][vc_row][vc_column][vc_empty_space height=&#8221;40px&#8221;]<ul class=\"iconlist iconlist iconlist-icon-medium \"><li><div ><div class=\"iconlist-item-icon\"><img decoding=\"async\" src=\"https:\/\/gruposergus.com\/wp-content\/uploads\/2018\/08\/user-group-2874_87351201-7b45-463a-9b86-0ebd80aa8fa0.svg\" alt=\"user-group-2874_87351201-7b45-463a-9b86-0ebd80aa8fa0\" \/><\/div><div class=\"iconlist-item-content\"><h4>Personas<\/h4><p>Poseemos una gran alta calidad de Recursos Humanos calificados para sus necesidades<\/div><\/div><\/li><li><div ><div class=\"iconlist-item-icon\"><img decoding=\"async\" src=\"https:\/\/gruposergus.com\/wp-content\/uploads\/2018\/08\/24h-assistance-4792_e646a9f4-d75b-48ee-9111-6fa942cf36ea.svg\" alt=\"24h-assistance-4792_e646a9f4-d75b-48ee-9111-6fa942cf36ea\" \/><\/div><div class=\"iconlist-item-content\"><h4>Proyectos y urgencias<\/h4><p>Disponibilidad de equipos de trabajo.<\/div><\/div><\/li><li><div ><div class=\"iconlist-item-icon\"><img decoding=\"async\" src=\"https:\/\/gruposergus.com\/wp-content\/uploads\/2018\/08\/lifebelt-3318_961b6f1a-b776-419e-8c86-1410d9959694.svg\" alt=\"lifebelt-3318_961b6f1a-b776-419e-8c86-1410d9959694\" \/><\/div><div class=\"iconlist-item-content\"><h4>Soporte<\/h4><p>Nuestros asesores podr\u00e1n ayudarl a solucionar sus problemas r\u00e1pidamente.<\/div><\/div><\/li><li><div ><div class=\"iconlist-item-icon\"><img decoding=\"async\" src=\"https:\/\/gruposergus.com\/wp-content\/uploads\/2018\/08\/royal-2995_51c8d05c-efe9-46d9-9a17-4b4e8fccfaad.svg\" alt=\"royal-2995_51c8d05c-efe9-46d9-9a17-4b4e8fccfaad\" \/><\/div><div class=\"iconlist-item-content\"><h4>Calidad<\/h4><p>Todo nuestro equipo de externalizaci\u00f3n busca la calidad y un alto est\u00e1ndar para participar en los procesos de contrataci\u00f3n para nuestros clientes .<\/div><\/div><\/li><\/ul>[vc_column_text]<\/p>\n<ul>\n<li>Nuestro servicio de gesti\u00f3n de recursos humanos se especializa en la captaci\u00f3n de talento excepcional para tu empresa. Utilizamos estrategias innovadoras y herramientas avanzadas para identificar y atraer a los candidatos m\u00e1s calificados que se ajusten a tus necesidades y cultura organizacional. Desde la publicaci\u00f3n de ofertas de trabajo hasta la evaluaci\u00f3n de candidatos y la realizaci\u00f3n de entrevistas, nos encargamos de todo el proceso para garantizar que tu equipo cuente con los mejores profesionales. Conf\u00eda en nosotros para encontrar el talento que impulsar\u00e1 el crecimiento y el \u00e9xito de tu empresa.<\/li>\n<\/ul>\n<p>&nbsp;<\/p>\n<ul>\n<li style=\"list-style-type: none;\">\n<ul>\n<li><strong>Recepcionistas<\/strong><\/li>\n<li><strong>Apoyo a la Producci\u00f3n<\/strong><\/li>\n<li><strong>Call Center<\/strong><\/li>\n<li><strong>Junior<\/strong><\/li>\n<li><strong>Otros cargos administrativos<\/strong><\/li>\n<li><strong>Otros cargos operativos<\/strong><\/li>\n<li><strong>Servicios transitorios (SSTT)<\/strong><\/li>\n<\/ul>\n<\/li>\n<\/ul>\n<p>[\/vc_column_text][\/vc_column][\/vc_row][\/vc_section]<\/p>\n","protected":false},"excerpt":{"rendered":"<p>[vc_section el_class=&#8221;mask&#8221; css=&#8221;.vc_custom_1712985945503{background: rgba(199,0,255,0.3) url(https:\/\/gruposergus.com\/wp-content\/uploads\/2024\/04\/adult-architect-blueprint-416405-2-scaled-1.jpg?id=2396) !important;background-position: center !important;background-repeat: no-repeat !important;background-size: cover !important;*background-color: rgb(199,0,255) !important;}&#8221;][vc_row css=&#8221;.vc_custom_1575621124468{padding-top: 10% !important;padding-bottom: 10% !important;background-color: rgba(0,0,0,0.3) !important;*background-color: rgb(0,0,0) !important;}&#8221;][vc_column width=&#8221;1\/6&#8243;][\/vc_column][vc_column width=&#8221;2\/3&#8243;][vc_custom_heading text=&#8221;Disponibilidad de personas y equipos de trabajo para su empresa&#8221; font_container=&#8221;tag:h2|font_size:2.875rem|text_align:center|color:%23ffffff&#8221; use_theme_fonts=&#8221;yes&#8221;][vc_empty_space height=&#8221;30px&#8221;][vc_column_text] Contacte a su asesor Sergus [\/vc_column_text][\/vc_column][vc_column width=&#8221;1\/6&#8243;][\/vc_column][\/vc_row][vc_row css=&#8221;.vc_custom_1575621131019{background-color: rgba(0,0,0,0.3) !important;*background-color: rgb(0,0,0) !important;}&#8221;][vc_column][vc_text_separator title=&#8221;Somos l\u00edderes en facilities management&#8221; [&hellip;]<\/p>\n","protected":false},"author":1,"featured_media":0,"parent":0,"menu_order":0,"comment_status":"closed","ping_status":"closed","template":"tmpl\/template-fullwidth.php","meta":{"footnotes":""},"class_list":["post-690","page","type-page","status-publish","hentry"],"acf":[],"_links":{"self":[{"href":"https:\/\/gruposergus.com\/index.php?rest_route=\/wp\/v2\/pages\/690","targetHints":{"allow":["GET"]}}],"collection":[{"href":"https:\/\/gruposergus.com\/index.php?rest_route=\/wp\/v2\/pages"}],"about":[{"href":"https:\/\/gruposergus.com\/index.php?rest_route=\/wp\/v2\/types\/page"}],"author":[{"embeddable":true,"href":"https:\/\/gruposergus.com\/index.php?rest_route=\/wp\/v2\/users\/1"}],"replies":[{"embeddable":true,"href":"https:\/\/gruposergus.com\/index.php?rest_route=%2Fwp%2Fv2%2Fcomments&post=690"}],"version-history":[{"count":8,"href":"https:\/\/gruposergus.com\/index.php?rest_route=\/wp\/v2\/pages\/690\/revisions"}],"predecessor-version":[{"id":2402,"href":"https:\/\/gruposergus.com\/index.php?rest_route=\/wp\/v2\/pages\/690\/revisions\/2402"}],"wp:attachment":[{"href":"https:\/\/gruposergus.com\/index.php?rest_route=%2Fwp%2Fv2%2Fmedia&parent=690"}],"curies":[{"name":"wp","href":"https:\/\/api.w.org\/{rel}","templated":true}]}}