{"id":697,"date":"2018-08-08T09:56:41","date_gmt":"2018-08-08T12:56:41","guid":{"rendered":"https:\/\/gruposergus.com\/?page_id=697"},"modified":"2022-06-07T13:02:27","modified_gmt":"2022-06-07T16:02:27","slug":"preguntas-frecuentes","status":"publish","type":"page","link":"https:\/\/gruposergus.com\/?page_id=697","title":{"rendered":"Preguntas Frecuentes"},"content":{"rendered":"<p>[vc_row][vc_column offset=&#8221;vc_hidden-sm vc_hidden-xs&#8221;][vc_widget_sidebar sidebar_id=&#8221;sidebar-5b6cfa681b024&#8243;][\/vc_column][\/vc_row][vc_row css=&#8221;.vc_custom_1575621518082{padding-top: 60px !important;}&#8221;][vc_column][vc_custom_heading text=&#8221;Las diez preguntas frecuentes m\u00e1s populares&#8221; font_container=&#8221;tag:h3|text_align:center&#8221; use_theme_fonts=&#8221;yes&#8221;][vc_empty_space height=&#8221;40px&#8221;][vc_row_inner][vc_column_inner width=&#8221;1\/2&#8243;][vc_toggle title=&#8221;\u00bfC\u00f3mo puedo contratar servicios en Sergus?&#8221;]Podr\u00e1 contratar nuestros servicios directamente desde la p\u00e1gina web o comunicarse con alguno de nuestros ejecutivos.<\/p>\n<p>CONTACTE a su ejecutivo<\/p>\n<p>Llamanos <a class=\"dot\" href=\"tel:+56967871311\" target=\"_blank\" rel=\"noopener\">+56967871311<\/a>.<\/p>\n<p>Hablemos v\u00eda whatsapp. &gt;&gt; <a href=\"https:\/\/api.whatsapp.com\/send?phone=++56967871311&amp;text=solicito%20atencion%20de%20un%20ejecutivo%20de%20Grupo%20Sergus\">aqu\u00ed<\/a> &lt;&lt;[\/vc_toggle][vc_toggle title=&#8221;\u00bfPuedo contratar servicios de seguridad y limpieza para mi empresa?&#8221;]Puede contratar todos los servicios que prestamos, desde seguridad hasta limpieza. En un futuro puede agregar o cambiar servicios si as\u00ed gusta.[\/vc_toggle][vc_toggle title=&#8221;\u00bfUtilizan insumos que no tienen impacto en el medio ambiente?&#8221;]Previamente a su uso verificamos que todos nuestros insumos qu\u00edmicos est\u00e9n certificados por el Minsal y el ISP, cumpliendo con todas las normas medioambientales y de seguridad para la salud.[\/vc_toggle][vc_toggle title=&#8221;\u00bfMi informaci\u00f3n de seguridad esta resguardada?&#8221;]Toda la informaci\u00f3n sobre los puntos d\u00e9biles y seguridad de nuestros clientes es confidencial. Jam\u00e1s ser\u00e1 compartida con personal no autorizado.[\/vc_toggle][\/vc_column_inner][vc_column_inner width=&#8221;1\/2&#8243;][vc_toggle title=&#8221;\u00bfHacen visitas a las instalaciones?&#8221;]Para poder entregar un mejor servicio, visitamos las instalaciones de nuestros clientes a menudo. Mantenemos una l\u00ednea directa de feedback que nos permite mejorar como empresa.[\/vc_toggle][vc_toggle title=&#8221;\u00bfCu\u00e1nta experiencia tiene Sergus?&#8221;]Contamos con m\u00e1s de 8 a\u00f1os siendo l\u00edderes en el mercado. Somos reconocidos por nuestros clientes por entregar un servicio de calidad y experiencia \u00fanica.[\/vc_toggle][vc_toggle title=&#8221;\u00bfC\u00f3mo controlan la calidad de su servicio?&#8221;]Procuramos controlar y mejorar la calidad de servicio mediante informes mensuales de seguridad y control, constante feedback y personal capacitado con los m\u00e1s altos est\u00e1ndares.[\/vc_toggle][vc_toggle title=&#8221;\u00bfQue sucede en caso de que un intruso entre en mi empresa?&#8221;]Desde nuestro centro de monitoreo intentaremos disuadir al intruso y llamaremos inmediatamente a un m\u00f3vil de apoyo y carabineros.[\/vc_toggle][\/vc_column_inner][\/vc_row_inner][vc_empty_space height=&#8221;30px&#8221;][vc_column_text]<\/p>\n<p style=\"text-align: center;\"><a href=\"https:\/\/gruposergus.com\/?page_id=239\">\u00bfNo pudiste encontrar tu respuesta? Haz una pregunta<\/a><\/p>\n<p>[\/vc_column_text][\/vc_column][\/vc_row]<\/p>\n","protected":false},"excerpt":{"rendered":"<p>[vc_row][vc_column offset=&#8221;vc_hidden-sm vc_hidden-xs&#8221;][vc_widget_sidebar sidebar_id=&#8221;sidebar-5b6cfa681b024&#8243;][\/vc_column][\/vc_row][vc_row css=&#8221;.vc_custom_1575621518082{padding-top: 60px !important;}&#8221;][vc_column][vc_custom_heading text=&#8221;Las diez preguntas frecuentes m\u00e1s populares&#8221; font_container=&#8221;tag:h3|text_align:center&#8221; use_theme_fonts=&#8221;yes&#8221;][vc_empty_space height=&#8221;40px&#8221;][vc_row_inner][vc_column_inner width=&#8221;1\/2&#8243;][vc_toggle title=&#8221;\u00bfC\u00f3mo puedo contratar servicios en Sergus?&#8221;]Podr\u00e1 contratar nuestros servicios directamente desde la p\u00e1gina web o comunicarse con alguno de nuestros ejecutivos. CONTACTE a su ejecutivo Llamanos +56967871311. Hablemos v\u00eda whatsapp. &gt;&gt; aqu\u00ed &lt;&lt;[\/vc_toggle][vc_toggle title=&#8221;\u00bfPuedo contratar servicios de seguridad [&hellip;]<\/p>\n","protected":false},"author":1,"featured_media":0,"parent":0,"menu_order":0,"comment_status":"closed","ping_status":"closed","template":"tmpl\/template-fullwidth.php","meta":{"footnotes":""},"class_list":["post-697","page","type-page","status-publish","hentry"],"acf":[],"_links":{"self":[{"href":"https:\/\/gruposergus.com\/index.php?rest_route=\/wp\/v2\/pages\/697","targetHints":{"allow":["GET"]}}],"collection":[{"href":"https:\/\/gruposergus.com\/index.php?rest_route=\/wp\/v2\/pages"}],"about":[{"href":"https:\/\/gruposergus.com\/index.php?rest_route=\/wp\/v2\/types\/page"}],"author":[{"embeddable":true,"href":"https:\/\/gruposergus.com\/index.php?rest_route=\/wp\/v2\/users\/1"}],"replies":[{"embeddable":true,"href":"https:\/\/gruposergus.com\/index.php?rest_route=%2Fwp%2Fv2%2Fcomments&post=697"}],"version-history":[{"count":12,"href":"https:\/\/gruposergus.com\/index.php?rest_route=\/wp\/v2\/pages\/697\/revisions"}],"predecessor-version":[{"id":2277,"href":"https:\/\/gruposergus.com\/index.php?rest_route=\/wp\/v2\/pages\/697\/revisions\/2277"}],"wp:attachment":[{"href":"https:\/\/gruposergus.com\/index.php?rest_route=%2Fwp%2Fv2%2Fmedia&parent=697"}],"curies":[{"name":"wp","href":"https:\/\/api.w.org\/{rel}","templated":true}]}}