{"id":700,"date":"2018-08-08T09:57:36","date_gmt":"2018-08-08T12:57:36","guid":{"rendered":"https:\/\/gruposergus.com\/?page_id=700"},"modified":"2022-06-14T23:44:42","modified_gmt":"2022-06-15T02:44:42","slug":"mision-vision-y-valores","status":"publish","type":"page","link":"https:\/\/gruposergus.com\/?page_id=700","title":{"rendered":"Misi\u00f3n, Visi\u00f3n y Valores"},"content":{"rendered":"<p>[vc_row equal_height=&#8221;yes&#8221; content_placement=&#8221;middle&#8221; css=&#8221;.vc_custom_1655260809838{background-image: url(https:\/\/gruposergus.com\/wp-content\/uploads\/2022\/06\/bg-cm2-1.png?id=2286) !important;background-position: center !important;background-repeat: no-repeat !important;background-size: contain !important;}&#8221;][vc_column width=&#8221;1\/2&#8243; css=&#8221;.vc_custom_1534216536497{padding-top: 12% !important;padding-right: 14% !important;padding-bottom: 10% !important;padding-left: 14% !important;background-color: #32f0f0 !important;}&#8221;][vc_custom_heading text=&#8221;Nuestra cultura&#8221; font_container=&#8221;tag:h3|text_align:center&#8221; use_theme_fonts=&#8221;yes&#8221;][vc_empty_space height=&#8221;30px&#8221;]<ul class=\"iconlist iconlist iconlist-icon-mini \"><li><div ><div class=\"iconlist-item-icon\"><img decoding=\"async\" src=\"https:\/\/gruposergus.com\/wp-content\/uploads\/2018\/08\/check.svg\" alt=\"check\" \/><\/div><div class=\"iconlist-item-content\">Nos comunicamos claramente, porque en un mundo repleto de marketing exagerado, lo simple gana.<\/div><\/div><\/li><li><div ><div class=\"iconlist-item-icon\"><img decoding=\"async\" src=\"https:\/\/gruposergus.com\/wp-content\/uploads\/2018\/08\/check.svg\" alt=\"check\" \/><\/div><div class=\"iconlist-item-content\">No somos estrellas de rock, ninjas o cualquier otro t\u00e9rmino de moda falso. Somos profesionales creativos.<\/div><\/div><\/li><li><div ><div class=\"iconlist-item-icon\"><img decoding=\"async\" src=\"https:\/\/gruposergus.com\/wp-content\/uploads\/2018\/08\/check.svg\" alt=\"check\" \/><\/div><div class=\"iconlist-item-content\">Antes de que pueda comercializar un negocio, necesita conocer su historia.<\/div><\/div><\/li><\/ul>[vc_column_text]<a class=\"button primary full\" href=\"https:\/\/gruposergus.com\/?page_id=239\">Saber m\u00e1s<\/a>[\/vc_column_text][\/vc_column][vc_column width=&#8221;1\/2&#8243; css=&#8221;.vc_custom_1534216543601{padding-top: 12% !important;padding-right: 14% !important;padding-bottom: 10% !important;padding-left: 14% !important;background-color: #231835 !important;}&#8221;][vc_custom_heading text=&#8221;Nuestro compromiso&#8221; font_container=&#8221;tag:h3|text_align:center|color:%23ffffff&#8221; use_theme_fonts=&#8221;yes&#8221;][vc_empty_space height=&#8221;30px&#8221;]<ul class=\"iconlist iconlist iconlist-icon-mini \"><li><div ><div class=\"iconlist-item-icon\"><img decoding=\"async\" src=\"https:\/\/gruposergus.com\/wp-content\/uploads\/2018\/08\/check.svg\" alt=\"check\" \/><\/div><div class=\"iconlist-item-content\">Somos el socio de confianza que adopta un enfoque proactivo para su negocio.<\/div><\/div><\/li><li><div ><div class=\"iconlist-item-icon\"><img decoding=\"async\" src=\"https:\/\/gruposergus.com\/wp-content\/uploads\/2018\/08\/check.svg\" alt=\"check\" \/><\/div><div class=\"iconlist-item-content\">Somos los compa\u00f1eros propietarios de peque\u00f1as empresas que entienden sus necesidades diarias.<\/div><\/div><\/li><li><div ><div class=\"iconlist-item-icon\"><img decoding=\"async\" src=\"https:\/\/gruposergus.com\/wp-content\/uploads\/2018\/08\/check.svg\" alt=\"check\" \/><\/div><div class=\"iconlist-item-content\">Somos el personal que siempre est\u00e1 ah\u00ed cuando nos necesita.<\/div><\/div><\/li><\/ul>[vc_column_text]<a class=\"button blue full\" href=\"https:\/\/gruposergus.com\/?page_id=239\">Ponerse en contacto<\/a>[\/vc_column_text][\/vc_column][\/vc_row][vc_row][vc_column offset=&#8221;vc_hidden-sm vc_hidden-xs&#8221;][vc_widget_sidebar sidebar_id=&#8221;sidebar-5b6cfa681b024&#8243;][\/vc_column][\/vc_row][vc_row css=&#8221;.vc_custom_1575620909766{padding-top: 80px !important;}&#8221;][vc_column width=&#8221;1\/6&#8243;][\/vc_column][vc_column width=&#8221;2\/3&#8243;][vc_row_inner][vc_column_inner width=&#8221;1\/4&#8243;][vc_custom_heading text=&#8221;Somos Grupos Sergus&#8221; font_container=&#8221;tag:h4|text_align:left&#8221; use_theme_fonts=&#8221;yes&#8221;][vc_empty_space height=&#8221;20px&#8221;][\/vc_column_inner][vc_column_inner width=&#8221;3\/4&#8243;][vc_column_text]<\/p>\n<p style=\"text-align: center;\"><span style=\"font-weight: 400;\">Entendemos a nuestros clientes y entregamos el valor que cada una de las instalaciones merece. Nos caracterizamos por no ser una empresa m\u00e1s, si no que nos preocupamos de generar un valor agregado a cada uno de los procesos de nuestros clientes. <\/span><\/p>\n<p>[\/vc_column_text][vc_empty_space height=&#8221;60px&#8221;][\/vc_column_inner][\/vc_row_inner][\/vc_column][vc_column width=&#8221;1\/6&#8243;][\/vc_column][\/vc_row][vc_row css=&#8221;.vc_custom_1575620917828{padding-top: 60px !important;padding-bottom: 60px !important;background-color: #f3f6f9 !important;}&#8221;][vc_column width=&#8221;1\/6&#8243;][\/vc_column][vc_column width=&#8221;2\/3&#8243;][vc_row_inner][vc_column_inner width=&#8221;1\/4&#8243;][vc_custom_heading text=&#8221;Nuestros Valores&#8221; font_container=&#8221;tag:h4|text_align:left&#8221; use_theme_fonts=&#8221;yes&#8221;][vc_empty_space height=&#8221;20px&#8221;][\/vc_column_inner][vc_column_inner width=&#8221;3\/4&#8243;][vc_column_text]<span style=\"font-weight: 400;\">En Grupo Sergus entendemos a nuestros clientes y entregamos el valor que cada una de las instalaciones merece. Nos caracterizamos por no ser una empresa m\u00e1s, si no que nos preocupamos de generar un valor agregado a cada uno de los procesos de nuestros clientes.\u00a0\u00a0<\/span><\/p>\n<p><span style=\"font-weight: 400;\">Nuestro personal es experto en lo que hace y por lo tanto entregan un servicio de calidad que ayuda y asesora a cada uno de nuestros clientes. Con Grupo Sergus tendr\u00e1 asesor\u00eda sobre su negocio con expertos las 24 horas del d\u00eda, los 365 d\u00edas del a\u00f1o.<\/span><\/p>\n<p><span style=\"font-weight: 400;\">Fomentamos el constante feedback con nuestros clientes, mantenemos una comunicaci\u00f3n clara y transparente que nos permite personalizar nuestro servicio y adaptarlo a cada una de las necesidades que tienen. Queremos no solo prestar un buen servicio, sino que ser una empresa modelo en el mercado.<\/span>[\/vc_column_text][\/vc_column_inner][\/vc_row_inner][\/vc_column][vc_column width=&#8221;1\/6&#8243;][\/vc_column][\/vc_row][vc_row][vc_column][vc_single_image image=&#8221;2195&#8243; img_size=&#8221;full&#8221; alignment=&#8221;center&#8221; style=&#8221;vc_box_border&#8221; css_animation=&#8221;rotateInUpRight&#8221;][\/vc_column][\/vc_row][vc_row][vc_column][vc_video link=&#8221;https:\/\/youtu.be\/TmW4ZRHY5DQ&#8221; align=&#8221;center&#8221; title=&#8221;Somos Sergus&#8230;  damos soluciones a nuestros clientes&#8221;][\/vc_column][\/vc_row]<\/p>\n","protected":false},"excerpt":{"rendered":"<p>[vc_row equal_height=&#8221;yes&#8221; content_placement=&#8221;middle&#8221; css=&#8221;.vc_custom_1655260809838{background-image: url(https:\/\/gruposergus.com\/wp-content\/uploads\/2022\/06\/bg-cm2-1.png?id=2286) !important;background-position: center !important;background-repeat: no-repeat !important;background-size: contain !important;}&#8221;][vc_column width=&#8221;1\/2&#8243; css=&#8221;.vc_custom_1534216536497{padding-top: 12% !important;padding-right: 14% !important;padding-bottom: 10% !important;padding-left: 14% !important;background-color: #32f0f0 !important;}&#8221;][vc_custom_heading text=&#8221;Nuestra cultura&#8221; font_container=&#8221;tag:h3|text_align:center&#8221; use_theme_fonts=&#8221;yes&#8221;][vc_empty_space height=&#8221;30px&#8221;][vc_column_text]Saber m\u00e1s[\/vc_column_text][\/vc_column][vc_column width=&#8221;1\/2&#8243; css=&#8221;.vc_custom_1534216543601{padding-top: 12% !important;padding-right: 14% !important;padding-bottom: 10% !important;padding-left: 14% !important;background-color: #231835 !important;}&#8221;][vc_custom_heading text=&#8221;Nuestro compromiso&#8221; font_container=&#8221;tag:h3|text_align:center|color:%23ffffff&#8221; use_theme_fonts=&#8221;yes&#8221;][vc_empty_space height=&#8221;30px&#8221;][vc_column_text]Ponerse en contacto[\/vc_column_text][\/vc_column][\/vc_row][vc_row][vc_column offset=&#8221;vc_hidden-sm vc_hidden-xs&#8221;][vc_widget_sidebar sidebar_id=&#8221;sidebar-5b6cfa681b024&#8243;][\/vc_column][\/vc_row][vc_row css=&#8221;.vc_custom_1575620909766{padding-top: 80px !important;}&#8221;][vc_column [&hellip;]<\/p>\n","protected":false},"author":1,"featured_media":0,"parent":0,"menu_order":0,"comment_status":"closed","ping_status":"closed","template":"tmpl\/template-fullwidth.php","meta":{"footnotes":""},"class_list":["post-700","page","type-page","status-publish","hentry"],"acf":[],"_links":{"self":[{"href":"https:\/\/gruposergus.com\/index.php?rest_route=\/wp\/v2\/pages\/700","targetHints":{"allow":["GET"]}}],"collection":[{"href":"https:\/\/gruposergus.com\/index.php?rest_route=\/wp\/v2\/pages"}],"about":[{"href":"https:\/\/gruposergus.com\/index.php?rest_route=\/wp\/v2\/types\/page"}],"author":[{"embeddable":true,"href":"https:\/\/gruposergus.com\/index.php?rest_route=\/wp\/v2\/users\/1"}],"replies":[{"embeddable":true,"href":"https:\/\/gruposergus.com\/index.php?rest_route=%2Fwp%2Fv2%2Fcomments&post=700"}],"version-history":[{"count":20,"href":"https:\/\/gruposergus.com\/index.php?rest_route=\/wp\/v2\/pages\/700\/revisions"}],"predecessor-version":[{"id":2296,"href":"https:\/\/gruposergus.com\/index.php?rest_route=\/wp\/v2\/pages\/700\/revisions\/2296"}],"wp:attachment":[{"href":"https:\/\/gruposergus.com\/index.php?rest_route=%2Fwp%2Fv2%2Fmedia&parent=700"}],"curies":[{"name":"wp","href":"https:\/\/api.w.org\/{rel}","templated":true}]}}