{"id":707,"date":"2018-08-08T10:07:27","date_gmt":"2018-08-08T13:07:27","guid":{"rendered":"https:\/\/gruposergus.com\/?page_id=707"},"modified":"2022-06-03T23:24:14","modified_gmt":"2022-06-04T02:24:14","slug":"seguridad","status":"publish","type":"page","link":"https:\/\/gruposergus.com\/?page_id=707","title":{"rendered":"Seguridad"},"content":{"rendered":"<p>[vc_row][vc_column css_animation=&#8221;fadeIn&#8221; width=&#8221;1\/3&#8243; el_class=&#8221;delay-1&#8243;]<div class=\"iconbox  \">\n\n\t<h4 class=\"box-title\">Guardia de Seguridad<\/h4>\n\t<div class=\"box-detail\">\n\t\t<p><span style=\"font-weight: 400\">Nuestros guardias est\u00e1n altamente capacitados para proteger los bienes y la vida de cada uno de los colaboradores que trabajan con nuestros clientes.<\/span><\/p>\n\t\n\t<\/div>\n\t<div class=\"box-icon\"><img decoding=\"async\" src=\"https:\/\/gruposergus.com\/wp-content\/uploads\/2022\/03\/policia.png\" alt=\"Guardia de Seguridad\" \/><\/div>\t\n\t\n\t\t<div class=\"box-readmore\">\n\t\t\t<a class=\"button no-bg\" href=\"https:\/\/gruposergus.com\/?page_id=711\">Saber mas<\/a>\n\t\t<\/div>\n<\/div>[vc_empty_space height=&#8221;30px&#8221;][\/vc_column][vc_column css_animation=&#8221;fadeIn&#8221; width=&#8221;1\/3&#8243; el_class=&#8221;delay-2&#8243;]<div class=\"iconbox  \">\n\n\t<h4 class=\"box-title\">Televigilancia<\/h4>\n\t<div class=\"box-detail\">\n\t\t<p><span style=\"font-weight: 400\">La innovaci\u00f3n es uno de los pilares fundamentales en Grupo Sergus, por lo que a\u00f1adir tecnolog\u00eda para combatir actos delictivos es de extrema importancia.<\/span><\/p>\n\t\n\t<\/div>\n\t<div class=\"box-icon\"><img decoding=\"async\" src=\"https:\/\/gruposergus.com\/wp-content\/uploads\/2022\/03\/camara-de-vigilancia.png\" alt=\"Televigilancia\" \/><\/div>\t\n\t\n\t\t<div class=\"box-readmore\">\n\t\t\t<a class=\"button no-bg\" href=\"https:\/\/gruposergus.com\/?page_id=709\">Saber mas<\/a>\n\t\t<\/div>\n<\/div>[vc_empty_space height=&#8221;30px&#8221;][\/vc_column][vc_column css_animation=&#8221;fadeIn&#8221; width=&#8221;1\/3&#8243; el_class=&#8221;delay-3&#8243;]<div class=\"iconbox  \">\n\n\t<h4 class=\"box-title\">Control de Flotas GPS<\/h4>\n\t<div class=\"box-detail\">\n\t\t<p><span style=\"font-weight: 400\">Con un GPS en tu veh\u00edculo puedes saber su direcci\u00f3n exacta en tiempo real, ayudando a gestionar rutas y aumentar su seguridad.<\/span><\/p>\n\t\n\t<\/div>\n\t<div class=\"box-icon\"><img decoding=\"async\" src=\"https:\/\/gruposergus.com\/wp-content\/uploads\/2022\/03\/localizacion.png\" alt=\"Control de Flotas GPS\" \/><\/div>\t\n\t\n\t\t<div class=\"box-readmore\">\n\t\t\t<a class=\"button no-bg\" href=\"https:\/\/gruposergus.com\/?page_id=713\">Saber mas<\/a>\n\t\t<\/div>\n<\/div>[vc_empty_space height=&#8221;30px&#8221;][\/vc_column][\/vc_row][vc_row][vc_column css_animation=&#8221;fadeIn&#8221; width=&#8221;1\/3&#8243; el_class=&#8221;delay-1&#8243;]<div class=\"iconbox  \">\n\n\t<h4 class=\"box-title\">Aerovigilancia RPA<\/h4>\n\t<div class=\"box-detail\">\n\t\t<p><span style=\"font-weight: 400\">Poseemos la mas alta tecnolog\u00eda en aero vigilancia mediante Drone no tripulados RPA , todo esto para optimizar y mejorar la vulneraci\u00f3n de entorno que posee su empresa<br \/>\n<\/span><\/p>\n\t\n\t<\/div>\n\t<div class=\"box-icon\"><img decoding=\"async\" src=\"https:\/\/gruposergus.com\/wp-content\/uploads\/2022\/06\/zumbido.png\" alt=\"Aerovigilancia RPA\" \/><\/div>\t\n\t\n\t\t<div class=\"box-readmore\">\n\t\t\t<a class=\"button no-bg\" href=\"https:\/\/gruposergus.com\/?page_id=715\">Saber mas<\/a>\n\t\t<\/div>\n<\/div>[vc_empty_space height=&#8221;30px&#8221;][\/vc_column][vc_column css_animation=&#8221;fadeIn&#8221; width=&#8221;1\/3&#8243; el_class=&#8221;delay-2&#8243;]<div class=\"iconbox  \">\n\n\t<h4 class=\"box-title\">Vigilancia Protocolo Covid<\/h4>\n\t<div class=\"box-detail\">\n\t\t<p>Mantener y controlar los aforos, temperatura de clientes o trabajadores como tambi\u00e9n la correcta desinfecci\u00f3n y uso de mascarillas son alguna de las funciones asignadas de nuestro personal vigilante de protocolos.<\/p>\n\t\n\t<\/div>\n\t<div class=\"box-icon\"><img decoding=\"async\" src=\"https:\/\/gruposergus.com\/wp-content\/uploads\/2022\/03\/protect.png\" alt=\"Vigilancia Protocolo Covid\" \/><\/div>\t\n\t\n\t\t<div class=\"box-readmore\">\n\t\t\t<a class=\"button no-bg\" href=\"https:\/\/gruposergus.com\/?page_id=717\">Saber mas<\/a>\n\t\t<\/div>\n<\/div>[vc_empty_space height=&#8221;30px&#8221;][\/vc_column][\/vc_row]<\/p>\n","protected":false},"excerpt":{"rendered":"<p>[vc_row][vc_column css_animation=&#8221;fadeIn&#8221; width=&#8221;1\/3&#8243; el_class=&#8221;delay-1&#8243;][vc_empty_space height=&#8221;30px&#8221;][\/vc_column][vc_column css_animation=&#8221;fadeIn&#8221; width=&#8221;1\/3&#8243; el_class=&#8221;delay-2&#8243;][vc_empty_space height=&#8221;30px&#8221;][\/vc_column][vc_column css_animation=&#8221;fadeIn&#8221; width=&#8221;1\/3&#8243; el_class=&#8221;delay-3&#8243;][vc_empty_space height=&#8221;30px&#8221;][\/vc_column][\/vc_row][vc_row][vc_column css_animation=&#8221;fadeIn&#8221; width=&#8221;1\/3&#8243; el_class=&#8221;delay-1&#8243;][vc_empty_space height=&#8221;30px&#8221;][\/vc_column][vc_column css_animation=&#8221;fadeIn&#8221; width=&#8221;1\/3&#8243; el_class=&#8221;delay-2&#8243;][vc_empty_space height=&#8221;30px&#8221;][\/vc_column][\/vc_row]<\/p>\n","protected":false},"author":1,"featured_media":0,"parent":0,"menu_order":0,"comment_status":"closed","ping_status":"closed","template":"tmpl\/template-fullwidth.php","meta":{"footnotes":""},"class_list":["post-707","page","type-page","status-publish","hentry"],"acf":[],"_links":{"self":[{"href":"https:\/\/gruposergus.com\/index.php?rest_route=\/wp\/v2\/pages\/707","targetHints":{"allow":["GET"]}}],"collection":[{"href":"https:\/\/gruposergus.com\/index.php?rest_route=\/wp\/v2\/pages"}],"about":[{"href":"https:\/\/gruposergus.com\/index.php?rest_route=\/wp\/v2\/types\/page"}],"author":[{"embeddable":true,"href":"https:\/\/gruposergus.com\/index.php?rest_route=\/wp\/v2\/users\/1"}],"replies":[{"embeddable":true,"href":"https:\/\/gruposergus.com\/index.php?rest_route=%2Fwp%2Fv2%2Fcomments&post=707"}],"version-history":[{"count":8,"href":"https:\/\/gruposergus.com\/index.php?rest_route=\/wp\/v2\/pages\/707\/revisions"}],"predecessor-version":[{"id":2254,"href":"https:\/\/gruposergus.com\/index.php?rest_route=\/wp\/v2\/pages\/707\/revisions\/2254"}],"wp:attachment":[{"href":"https:\/\/gruposergus.com\/index.php?rest_route=%2Fwp%2Fv2%2Fmedia&parent=707"}],"curies":[{"name":"wp","href":"https:\/\/api.w.org\/{rel}","templated":true}]}}