{"id":711,"date":"2018-08-08T10:08:20","date_gmt":"2018-08-08T10:08:20","guid":{"rendered":"https:\/\/gruposergus.com\/?page_id=711"},"modified":"2025-05-09T17:26:36","modified_gmt":"2025-05-09T20:26:36","slug":"guardias-seguridad","status":"publish","type":"page","link":"https:\/\/gruposergus.com\/?page_id=711","title":{"rendered":"Guardias de Seguridad"},"content":{"rendered":"<p>[vc_section video_bg=&#8221;yes&#8221; video_bg_url=&#8221;https:\/\/youtu.be\/cMLzFl3FNmE&#8221; css=&#8221;.vc_custom_1654302981941{background-color: #0000ff !important;background-position: center !important;background-repeat: no-repeat !important;background-size: cover !important;}&#8221; el_class=&#8221;mask&#8221;][vc_row css=&#8221;.vc_custom_1575621878884{padding-top: 120px !important;padding-bottom: 100px !important;}&#8221;][vc_column width=&#8221;7\/12&#8243;][vc_custom_heading text=&#8221;nuestras soluciones&#8221; font_container=&#8221;tag:div|font_size:3rem|text_align:left|color:%23ffffff&#8221; use_theme_fonts=&#8221;yes&#8221; css_animation=&#8221;none&#8221; css=&#8221;.vc_custom_1746822223038{margin-left: 3px !important;}&#8221; el_class=&#8221;delay-1 custom-hd&#8221;][vc_empty_space height=&#8221;6px&#8221;][vc_custom_heading text=&#8221;servicios de guardias&#8221; font_container=&#8221;tag:h2|font_size:6rem|text_align:left|color:%23ffffff|line_height:0.9&#8243; use_theme_fonts=&#8221;yes&#8221; css_animation=&#8221;none&#8221; el_class=&#8221;custom-hd delay-2&#8243;][vc_separator color=&#8221;white&#8221; align=&#8221;align_left&#8221; border_width=&#8221;5&#8243; el_width=&#8221;10&#8243; css_animation=&#8221;none&#8221; css=&#8221;.vc_custom_1746822170781{margin-bottom: 50px !important;margin-left: 5px !important;padding-top: 15px !important;}&#8221; el_class=&#8221;delay-4&#8243;][vc_column_text css_animation=&#8221;none&#8221; css=&#8221;.vc_custom_1746822238382{margin-left: 3px !important;}&#8221; el_class=&#8221;delay-3&#8243;]<a class=\"button line\" href=\"https:\/\/gruposergus.com\/?page_id=239\">Cont\u00e1ctenos hoy.<\/a>[\/vc_column_text][\/vc_column][vc_column width=&#8221;5\/12&#8243;][vc_images_carousel images=&#8221;1929,1931,2107,1934&#8243; img_size=&#8221;large&#8221; speed=&#8221;4000&#8243; autoplay=&#8221;yes&#8221; hide_prev_next_buttons=&#8221;yes&#8221; wrap=&#8221;yes&#8221; css_animation=&#8221;none&#8221;][\/vc_column][\/vc_row][\/vc_section][vc_section css_animation=&#8221;none&#8221; css=&#8221;.vc_custom_1746822363359{padding-top: 80px !important;padding-bottom: 30px !important;background-color: #181223 !important;}&#8221; el_id=&#8221;solutions&#8221;][vc_row][vc_column][vc_custom_heading text=&#8221;Soluciones&#8221; font_container=&#8221;tag:h6|font_size:10px|text_align:center|color:%231dc2ef&#8221; use_theme_fonts=&#8221;yes&#8221; el_class=&#8221;style1&#8243;][vc_empty_space height=&#8221;6px&#8221;][vc_custom_heading text=&#8221;Los servicios integrales de Guardias incluyen&#8221; font_container=&#8221;tag:h3|text_align:center|color:%23ffffff&#8221; use_theme_fonts=&#8221;yes&#8221;][vc_empty_space height=&#8221;60px&#8221;]<ul class=\"iconlist iconlist iconlist-icon-small columns-3 gap-50\"><li><div ><div class=\"iconlist-item-icon\"><img decoding=\"async\" src=\"https:\/\/gruposergus.com\/wp-content\/uploads\/2018\/09\/router-1807_67aa302b-3a94-46a7-aa3d-66b8928a87d7.svg\" alt=\"router-1807_67aa302b-3a94-46a7-aa3d-66b8928a87d7\" \/><\/div><div class=\"iconlist-item-content\"><h4><span style=\"color: #ffffff\">Que incluye el servicio de guardias<\/span><\/h4><p><span style=\"color: #9b9aad\">Ofrecemos un servicio de guardias privados de calidad que contempla todos los elementos de la gesti\u00f3n administrativa en seguridad privada, como tambi\u00e9n, la operaci\u00f3n e incorporar personal calificado para las labores de seguridad en sus dependencias.\u00a0<\/span><\/div><\/div><\/li><li><div ><div class=\"iconlist-item-icon\"><img decoding=\"async\" src=\"https:\/\/gruposergus.com\/wp-content\/uploads\/2018\/09\/telephone-operator-4682_c9489618-836b-47ec-8489-e15f613cb10c.svg\" alt=\"telephone-operator-4682_c9489618-836b-47ec-8489-e15f613cb10c\" \/><\/div><div class=\"iconlist-item-content\"><h4><span style=\"color: #ffffff\">El Guardia ayuda disuadir cr\u00edmenes en el lugar de trabajo<\/span><\/h4><p><span style=\"color: #9b9aad\">Un guardia de seguridad profesional proteger\u00e1 sus instalaciones. Lo har\u00e1 mitigando riesgos, incluidos vandalismo, robos y asaltos.<\/span><\/div><\/div><\/li><li><div ><div class=\"iconlist-item-icon\"><img decoding=\"async\" src=\"https:\/\/gruposergus.com\/wp-content\/uploads\/2018\/09\/computer-network-1878_39828809-88f9-48e1-9a76-61c99401ec99.svg\" alt=\"computer-network-1878_39828809-88f9-48e1-9a76-61c99401ec99\" \/><\/div><div class=\"iconlist-item-content\"><h4><span style=\"color: #ffffff\">Los guardias brindan una mayor sensaci\u00f3n de seguridad<\/span><\/h4><p><span style=\"color: #9b9aad\">Cuando contrata a un guardia de seguridad, puede aumentar la sensaci\u00f3n de seguridad para los due\u00f1os de negocios, clientes y empleados. Los empleados ser\u00e1n m\u00e1s productivos y se desempe\u00f1ar\u00e1n mejor en un entorno seguro y protegido.<\/span><\/div><\/div><\/li><li><div ><div class=\"iconlist-item-icon\"><img decoding=\"async\" src=\"https:\/\/gruposergus.com\/wp-content\/uploads\/2018\/09\/settings-server-1872_2e41baf2-8789-4215-b430-db35c3899936.svg\" alt=\"settings-server-1872_2e41baf2-8789-4215-b430-db35c3899936\" \/><\/div><div class=\"iconlist-item-content\"><h4><span style=\"color: #ffffff\">Guardia de seguridad y su servicio al cliente<\/span><\/h4><p><span style=\"color: #9b9aad\">Cuando contrata a un guardia de seguridad, tambi\u00e9n puede proporcionar servicios b\u00e1sicos al cliente. Por ejemplo, pueden acompa\u00f1ar a los clientes al estacionamiento por la noche o incluso dirigirlos a ciertos sectores del recinto.<\/span><\/div><\/div><\/li><li><div ><div class=\"iconlist-item-icon\"><img decoding=\"async\" src=\"https:\/\/gruposergus.com\/wp-content\/uploads\/2018\/09\/source-code-1754_2b435bd8-ce76-4910-8137-7d07a3557fa3.svg\" alt=\"source-code-1754_2b435bd8-ce76-4910-8137-7d07a3557fa3\" \/><\/div><div class=\"iconlist-item-content\"><h4><span style=\"color: #ffffff\">Guardias privados y manejo de problemas de seguridad<\/span><\/h4><p><span style=\"color: #9b9aad\">Los guardias de seguridad profesionales brindan la primera l\u00ednea de defensa ante cualquier delito o invasi\u00f3n ilegal de una instalaci\u00f3n.<\/span><\/p><p>Los guardias de seguridad est\u00e1n capacitados y equipados con el conocimiento y las habilidades necesarias para manejar los problemas que se generen en la instalaci\u00f3n.<\/div><\/div><\/li><li><div ><div class=\"iconlist-item-icon\"><img decoding=\"async\" src=\"https:\/\/gruposergus.com\/wp-content\/uploads\/2018\/09\/add-image-5030_dcf585b8-8f3d-48ad-8579-a4ad56d14ba6.svg\" alt=\"add-image-5030_dcf585b8-8f3d-48ad-8579-a4ad56d14ba6\" \/><\/div><div class=\"iconlist-item-content\"><h4><span style=\"color: #ffffff\">Los guardias de seguridad proporcionan un tiempo r\u00e1pido de respuesta<\/span><\/h4><p><span style=\"color: #9b9aad\">Los guardias de seguridad responder\u00e1n r\u00e1pidamente a cualquier situaci\u00f3n que pueda surgir en las instalaciones de su propiedad. Por ejemplo, si tuvo un cliente agresivo en el sitio, la polic\u00eda local puede tardar hasta 20 minutos en llegar.<\/span><\/div><\/div><\/li><\/ul>[\/vc_column][\/vc_row][\/vc_section][vc_section css_animation=&#8221;none&#8221; el_class=&#8221;mask&#8221; css=&#8221;.vc_custom_1746822376141{background: #2d7eff url(https:\/\/gruposergus.com\/wp-content\/uploads\/2022\/03\/guardias1.jpg?id=1929) !important;background-position: center !important;background-repeat: no-repeat !important;background-size: cover !important;}&#8221; el_id=&#8221;customers&#8221;][vc_row css=&#8221;.vc_custom_1575621954362{padding-top: 120px !important;padding-bottom: 120px !important;}&#8221; el_class=&#8221;mask&#8221;][vc_column width=&#8221;1\/6&#8243;][\/vc_column][vc_column width=&#8221;2\/3&#8243;][vc_icon type=&#8221;entypo&#8221; icon_entypo=&#8221;entypo-icon entypo-icon-quote&#8221; color=&#8221;custom&#8221; background_style=&#8221;rounded&#8221; background_color=&#8221;white&#8221; align=&#8221;center&#8221; custom_color=&#8221;#fc766a&#8221;][vc_custom_heading text=&#8221;En Grupo Sergus, proveemos un servicio profesional y comprometido con guardias privados, nos encargamos de asesorar y gestionar desde los tr\u00e1mites administrativos hasta la correcta implementaci\u00f3n de la operaci\u00f3n de seguridad con guardias. Gestionamos directivas de funcionamiento, incorporamos al personal de seguridad, supervisamos a diario las instalaciones.&#8221; font_container=&#8221;tag:div|font_size:20px|text_align:center|color:%23ffffff|line_height:1.35em&#8221; use_theme_fonts=&#8221;yes&#8221;][vc_empty_space height=&#8221;30px&#8221;][vc_custom_heading text=&#8221;Vicente Zu\u00f1iga&#8221; font_container=&#8221;tag:h6|font_size:10px|text_align:center|color:%23ffffff&#8221; use_theme_fonts=&#8221;yes&#8221; el_class=&#8221;style1&#8243;][\/vc_column][vc_column width=&#8221;1\/6&#8243;][\/vc_column][\/vc_row][\/vc_section][vc_section css_animation=&#8221;none&#8221; el_id=&#8221;benefits&#8221; css=&#8221;.vc_custom_1746822392415{padding-top: 80px !important;padding-bottom: 80px !important;}&#8221;][vc_row][vc_column][vc_custom_heading text=&#8221;Beneficios&#8221; font_container=&#8221;tag:h6|font_size:10px|text_align:center|color:%23627792&#8243; use_theme_fonts=&#8221;yes&#8221; el_class=&#8221;style1&#8243;][vc_empty_space height=&#8221;6px&#8221;][vc_custom_heading text=&#8221;Nuestros servicios brindan una gama \u00fanica de beneficios&#8221; font_container=&#8221;tag:h3|text_align:center&#8221; use_theme_fonts=&#8221;yes&#8221;][vc_empty_space height=&#8221;60px&#8221;][\/vc_column][\/vc_row][vc_row][vc_column]<ul class=\"iconlist iconlist iconlist-icon-medium \"><li><div class=\"vc_custom_1647570940755\"><div class=\"iconlist-item-icon\"><\/div><div class=\"iconlist-item-content\"><h5>Capacitaci\u00f3n\u00a0 \u00a0 \u00a0 OS-10<\/h5><p>Nuestros guardias est\u00e1n capacitados bajo los m\u00e1s altos est\u00e1ndares en seguridad, protecci\u00f3n de bienes y personas.<\/div><\/div><\/li><li><div class=\"vc_custom_1647570123612\"><div class=\"iconlist-item-icon\"><\/div><div class=\"iconlist-item-content\"><h5>M\u00e1s que un guardia<\/h5><p>Un guardia Sergus no solo protege tu seguridad, sino que es un representante de tu empresa en valores \u00e9ticos y morales.<\/div><\/div><\/li><li><div class=\"vc_custom_1647570162007\"><div class=\"iconlist-item-icon\"><\/div><div class=\"iconlist-item-content\"><h5>Supervisi\u00f3n<\/h5><p>Para mantener bajo estrictos est\u00e1ndares la calidad de servicio, nuestros supervisores apoyaran y acompa\u00f1aran a cada uno de los guardias de seguridad.<\/div><\/div><\/li><li><div class=\"vc_custom_1647570229181\"><div class=\"iconlist-item-icon\"><\/div><div class=\"iconlist-item-content\"><h5>Feedback<\/h5><p>Mediante informes mensuales de seguridad, usted sabr\u00e1 siempre lo que sucedi\u00f3 en su empresa. La comunicaci\u00f3n es nuestro pilar fundamental.<\/div><\/div><\/li><li><div class=\"vc_custom_1647570283671\"><div class=\"iconlist-item-icon\"><\/div><div class=\"iconlist-item-content\"><h5>Equipamiento<\/h5><p>Nuestros guardias cuentan con uniforme y equipamiento de alta calidad, no solo para proteger, sino que para resguardar la imagen de Sergus y nuestros clientes.<\/div><\/div><\/li><li><div class=\"vc_custom_1647570460201\"><div class=\"iconlist-item-icon\"><\/div><div class=\"iconlist-item-content\"><h5>Marca Sergus<\/h5><p>Nuestra gran experiencia en seguridad, en todos los mercados existentes son un respaldo en nuestro servicio.<\/div><\/div><\/li><\/ul>[\/vc_column][\/vc_row][\/vc_section]<\/p>\n","protected":false},"excerpt":{"rendered":"<p>[vc_section video_bg=&#8221;yes&#8221; video_bg_url=&#8221;https:\/\/youtu.be\/cMLzFl3FNmE&#8221; css=&#8221;.vc_custom_1654302981941{background-color: #0000ff !important;background-position: center !important;background-repeat: no-repeat !important;background-size: cover !important;}&#8221; el_class=&#8221;mask&#8221;][vc_row css=&#8221;.vc_custom_1575621878884{padding-top: 120px !important;padding-bottom: 100px !important;}&#8221;][vc_column width=&#8221;7\/12&#8243;][vc_custom_heading text=&#8221;nuestras soluciones&#8221; font_container=&#8221;tag:div|font_size:3rem|text_align:left|color:%23ffffff&#8221; use_theme_fonts=&#8221;yes&#8221; css_animation=&#8221;none&#8221; css=&#8221;.vc_custom_1746822223038{margin-left: 3px !important;}&#8221; el_class=&#8221;delay-1 custom-hd&#8221;][vc_empty_space height=&#8221;6px&#8221;][vc_custom_heading text=&#8221;servicios de guardias&#8221; font_container=&#8221;tag:h2|font_size:6rem|text_align:left|color:%23ffffff|line_height:0.9&#8243; use_theme_fonts=&#8221;yes&#8221; css_animation=&#8221;none&#8221; el_class=&#8221;custom-hd delay-2&#8243;][vc_separator color=&#8221;white&#8221; align=&#8221;align_left&#8221; border_width=&#8221;5&#8243; el_width=&#8221;10&#8243; css_animation=&#8221;none&#8221; css=&#8221;.vc_custom_1746822170781{margin-bottom: 50px !important;margin-left: 5px !important;padding-top: 15px !important;}&#8221; el_class=&#8221;delay-4&#8243;][vc_column_text css_animation=&#8221;none&#8221; css=&#8221;.vc_custom_1746822238382{margin-left: 3px !important;}&#8221; [&hellip;]<\/p>\n","protected":false},"author":1,"featured_media":0,"parent":707,"menu_order":0,"comment_status":"closed","ping_status":"closed","template":"tmpl\/template-fullwidth.php","meta":{"footnotes":""},"class_list":["post-711","page","type-page","status-publish","hentry"],"acf":[],"_links":{"self":[{"href":"https:\/\/gruposergus.com\/index.php?rest_route=\/wp\/v2\/pages\/711","targetHints":{"allow":["GET"]}}],"collection":[{"href":"https:\/\/gruposergus.com\/index.php?rest_route=\/wp\/v2\/pages"}],"about":[{"href":"https:\/\/gruposergus.com\/index.php?rest_route=\/wp\/v2\/types\/page"}],"author":[{"embeddable":true,"href":"https:\/\/gruposergus.com\/index.php?rest_route=\/wp\/v2\/users\/1"}],"replies":[{"embeddable":true,"href":"https:\/\/gruposergus.com\/index.php?rest_route=%2Fwp%2Fv2%2Fcomments&post=711"}],"version-history":[{"count":26,"href":"https:\/\/gruposergus.com\/index.php?rest_route=\/wp\/v2\/pages\/711\/revisions"}],"predecessor-version":[{"id":2599,"href":"https:\/\/gruposergus.com\/index.php?rest_route=\/wp\/v2\/pages\/711\/revisions\/2599"}],"up":[{"embeddable":true,"href":"https:\/\/gruposergus.com\/index.php?rest_route=\/wp\/v2\/pages\/707"}],"wp:attachment":[{"href":"https:\/\/gruposergus.com\/index.php?rest_route=%2Fwp%2Fv2%2Fmedia&parent=711"}],"curies":[{"name":"wp","href":"https:\/\/api.w.org\/{rel}","templated":true}]}}