{"id":713,"date":"2018-08-08T10:08:38","date_gmt":"2018-08-08T13:08:38","guid":{"rendered":"https:\/\/gruposergus.com\/?page_id=713"},"modified":"2022-06-02T03:11:41","modified_gmt":"2022-06-02T06:11:41","slug":"control-de-flotas-gps","status":"publish","type":"page","link":"https:\/\/gruposergus.com\/?page_id=713","title":{"rendered":"Control de Flotas GPS"},"content":{"rendered":"<p>[vc_section css=&#8221;.vc_custom_1648067581198{background: #0a2044 url(https:\/\/gruposergus.com\/wp-content\/uploads\/2022\/03\/1596034371-9-how-does-gps-work.jpg?id=1944) !important;background-position: center !important;background-repeat: no-repeat !important;background-size: cover !important;}&#8221;][vc_row css=&#8221;.vc_custom_1575622492915{padding-top: 120px !important;padding-bottom: 100px !important;background-color: rgba(10,32,68,0.7) !important;*background-color: rgb(10,32,68) !important;}&#8221;][vc_column width=&#8221;7\/12&#8243;][vc_custom_heading text=&#8221;Control en tiempo real&#8221; font_container=&#8221;tag:div|font_size:3rem|text_align:left|color:%23ffffff&#8221; use_theme_fonts=&#8221;yes&#8221; css_animation=&#8221;fadeInUp&#8221; css=&#8221;.vc_custom_1648067664090{margin-left: 3px !important;}&#8221; el_class=&#8221;delay-1 custom-hd&#8221;][vc_empty_space height=&#8221;20px&#8221;][vc_custom_heading text=&#8221;GPS, monitoreo de flotas y cargas&#8221; font_container=&#8221;tag:h2|font_size:6rem|text_align:left|color:%23ffffff|line_height:0.9&#8243; use_theme_fonts=&#8221;yes&#8221; css_animation=&#8221;fadeInUp&#8221; el_class=&#8221;custom-hd delay-2&#8243;][vc_separator color=&#8221;white&#8221; align=&#8221;align_left&#8221; border_width=&#8221;5&#8243; el_width=&#8221;10&#8243; css_animation=&#8221;fadeInUp&#8221; el_class=&#8221;delay-4&#8243; css=&#8221;.vc_custom_1540432882259{margin-bottom: 50px !important;margin-left: 5px !important;padding-top: 15px !important;}&#8221;][vc_column_text css_animation=&#8221;fadeInUp&#8221; css=&#8221;.vc_custom_1654150298610{margin-left: 3px !important;}&#8221; el_class=&#8221;delay-3&#8243;]<a class=\"button line\" href=\"https:\/\/gruposergus.com\/?page_id=239\">Contacte a su asesor<\/a>[\/vc_column_text][\/vc_column][vc_column width=&#8221;5\/12&#8243;][\/vc_column][\/vc_row][\/vc_section][vc_section css_animation=&#8221;none&#8221; css=&#8221;.vc_custom_1575621887487{padding-bottom: 60px !important;}&#8221; el_id=&#8221;overview&#8221;][vc_row][vc_column offset=&#8221;vc_hidden-sm vc_hidden-xs&#8221;][vc_widget_sidebar sidebar_id=&#8221;sidebar-5b8f8fdb9861f&#8221;][\/vc_column][\/vc_row][vc_row css=&#8221;.vc_custom_1575621899399{padding-top: 80px !important;}&#8221;][vc_column width=&#8221;1\/6&#8243;][\/vc_column][vc_column width=&#8221;2\/3&#8243;][vc_custom_heading text=&#8221;Mantenga bajo control toda su operaci\u00f3n&#8221; font_container=&#8221;tag:h6|font_size:10px|text_align:center|color:%23627792&#8243; use_theme_fonts=&#8221;yes&#8221; el_class=&#8221;style1&#8243;][vc_empty_space height=&#8221;6px&#8221;][vc_custom_heading text=&#8221;Optimice sus recursos, mejore su gesti\u00f3n de transportes y cargas m\u00f3viles&#8221; font_container=&#8221;tag:h3|text_align:center&#8221; use_theme_fonts=&#8221;yes&#8221;][vc_empty_space height=&#8221;20px&#8221;][vc_column_text]<\/p>\n<p style=\"text-align: center;\">Las soluciones de gesti\u00f3n y control de flotas de Grupo Sergus se basan en localizaci\u00f3n satelital gracias a dispositivos GPS, que permiten transmitir de forma remota: posici\u00f3n geogr\u00e1fica, velocidad de desplazamiento y direcci\u00f3n<\/p>\n<p>[\/vc_column_text][\/vc_column][vc_column width=&#8221;1\/6&#8243;][\/vc_column][\/vc_row][vc_row][vc_column][vc_empty_space height=&#8221;10px&#8221;][\/vc_column][\/vc_row][\/vc_section][vc_section full_height=&#8221;yes&#8221; content_placement=&#8221;middle&#8221; video_bg=&#8221;yes&#8221; video_bg_url=&#8221;https:\/\/www.youtube.com\/watch?v=oheVTmFrCoo&#8221; video_bg_parallax=&#8221;content-moving-fade&#8221; css_animation=&#8221;fadeInUp&#8221; bg_position=&#8221;center top&#8221; css=&#8221;.vc_custom_1648077853321{padding-top: 80px !important;padding-bottom: 30px !important;background-color: #2207ef !important;background-position: center !important;background-repeat: no-repeat !important;background-size: cover !important;}&#8221; el_id=&#8221;solutions&#8221;][vc_row][vc_column][vc_custom_heading text=&#8221;GPS TRACK SERGUS&#8221; font_container=&#8221;tag:h6|font_size:10px|text_align:center|color:%231dc2ef&#8221; use_theme_fonts=&#8221;yes&#8221; el_class=&#8221;style1&#8243;][vc_empty_space height=&#8221;6px&#8221;][vc_custom_heading text=&#8221;Ahorre tiempo y planifique su operaci\u00f3n resguardando sus activos.&#8221; font_container=&#8221;tag:h3|text_align:center|color:%23ffffff&#8221; use_theme_fonts=&#8221;yes&#8221;][vc_empty_space height=&#8221;60px&#8221;][\/vc_column][\/vc_row][\/vc_section][vc_section css_animation=&#8221;fadeInUp&#8221; el_class=&#8221;mask&#8221; css=&#8221;.vc_custom_1648078145651{background: #6b6dff url(https:\/\/gruposergus.com\/wp-content\/uploads\/2022\/03\/Captura-de-Pantalla-2022-03-23-a-las-20.28.29.png?id=1983) !important;background-position: center !important;background-repeat: no-repeat !important;background-size: cover !important;}&#8221; el_id=&#8221;customers&#8221;][vc_row css=&#8221;.vc_custom_1575621954362{padding-top: 120px !important;padding-bottom: 120px !important;}&#8221; el_class=&#8221;mask&#8221;][vc_column width=&#8221;1\/6&#8243;][\/vc_column][vc_column width=&#8221;2\/3&#8243;][vc_icon type=&#8221;entypo&#8221; icon_entypo=&#8221;entypo-icon entypo-icon-quote&#8221; color=&#8221;custom&#8221; background_style=&#8221;rounded&#8221; background_color=&#8221;white&#8221; align=&#8221;center&#8221; custom_color=&#8221;#002eff&#8221;][vc_custom_heading text=&#8221;Registro y control en todo momento desde cualquier dispositivo y conexi\u00f3n directa con Central Sergus y Alpha III de Carabineros.&#8221; font_container=&#8221;tag:div|font_size:36px|text_align:center|color:%23ffffff|line_height:1.35em&#8221; use_theme_fonts=&#8221;yes&#8221;][vc_empty_space height=&#8221;30px&#8221;][\/vc_column][vc_column width=&#8221;1\/6&#8243;][\/vc_column][\/vc_row][\/vc_section]<\/p>\n","protected":false},"excerpt":{"rendered":"<p>[vc_section css=&#8221;.vc_custom_1648067581198{background: #0a2044 url(https:\/\/gruposergus.com\/wp-content\/uploads\/2022\/03\/1596034371-9-how-does-gps-work.jpg?id=1944) !important;background-position: center !important;background-repeat: no-repeat !important;background-size: cover !important;}&#8221;][vc_row css=&#8221;.vc_custom_1575622492915{padding-top: 120px !important;padding-bottom: 100px !important;background-color: rgba(10,32,68,0.7) !important;*background-color: rgb(10,32,68) !important;}&#8221;][vc_column width=&#8221;7\/12&#8243;][vc_custom_heading text=&#8221;Control en tiempo real&#8221; font_container=&#8221;tag:div|font_size:3rem|text_align:left|color:%23ffffff&#8221; use_theme_fonts=&#8221;yes&#8221; css_animation=&#8221;fadeInUp&#8221; css=&#8221;.vc_custom_1648067664090{margin-left: 3px !important;}&#8221; el_class=&#8221;delay-1 custom-hd&#8221;][vc_empty_space height=&#8221;20px&#8221;][vc_custom_heading text=&#8221;GPS, monitoreo de flotas y cargas&#8221; font_container=&#8221;tag:h2|font_size:6rem|text_align:left|color:%23ffffff|line_height:0.9&#8243; use_theme_fonts=&#8221;yes&#8221; css_animation=&#8221;fadeInUp&#8221; el_class=&#8221;custom-hd delay-2&#8243;][vc_separator color=&#8221;white&#8221; align=&#8221;align_left&#8221; border_width=&#8221;5&#8243; el_width=&#8221;10&#8243; css_animation=&#8221;fadeInUp&#8221; el_class=&#8221;delay-4&#8243; css=&#8221;.vc_custom_1540432882259{margin-bottom: 50px !important;margin-left: 5px [&hellip;]<\/p>\n","protected":false},"author":1,"featured_media":0,"parent":707,"menu_order":0,"comment_status":"closed","ping_status":"closed","template":"tmpl\/template-fullwidth.php","meta":{"footnotes":""},"class_list":["post-713","page","type-page","status-publish","hentry"],"acf":[],"_links":{"self":[{"href":"https:\/\/gruposergus.com\/index.php?rest_route=\/wp\/v2\/pages\/713","targetHints":{"allow":["GET"]}}],"collection":[{"href":"https:\/\/gruposergus.com\/index.php?rest_route=\/wp\/v2\/pages"}],"about":[{"href":"https:\/\/gruposergus.com\/index.php?rest_route=\/wp\/v2\/types\/page"}],"author":[{"embeddable":true,"href":"https:\/\/gruposergus.com\/index.php?rest_route=\/wp\/v2\/users\/1"}],"replies":[{"embeddable":true,"href":"https:\/\/gruposergus.com\/index.php?rest_route=%2Fwp%2Fv2%2Fcomments&post=713"}],"version-history":[{"count":7,"href":"https:\/\/gruposergus.com\/index.php?rest_route=\/wp\/v2\/pages\/713\/revisions"}],"predecessor-version":[{"id":2185,"href":"https:\/\/gruposergus.com\/index.php?rest_route=\/wp\/v2\/pages\/713\/revisions\/2185"}],"up":[{"embeddable":true,"href":"https:\/\/gruposergus.com\/index.php?rest_route=\/wp\/v2\/pages\/707"}],"wp:attachment":[{"href":"https:\/\/gruposergus.com\/index.php?rest_route=%2Fwp%2Fv2%2Fmedia&parent=713"}],"curies":[{"name":"wp","href":"https:\/\/api.w.org\/{rel}","templated":true}]}}