{"id":715,"date":"2018-08-08T10:08:59","date_gmt":"2018-08-08T13:08:59","guid":{"rendered":"https:\/\/gruposergus.com\/?page_id=715"},"modified":"2022-06-03T21:25:30","modified_gmt":"2022-06-04T00:25:30","slug":"conserjes","status":"publish","type":"page","link":"https:\/\/gruposergus.com\/?page_id=715","title":{"rendered":"Conserjes"},"content":{"rendered":"<p>[vc_section css=&#8221;.vc_custom_1648584235974{background: #1500ff url(https:\/\/gruposergus.com\/wp-content\/uploads\/2022\/03\/Drone01.jpg?id=2086) !important;background-position: center !important;background-repeat: no-repeat !important;background-size: cover !important;}&#8221; el_class=&#8221;mask&#8221;][vc_row css=&#8221;.vc_custom_1575622584114{padding-top: 120px !important;padding-bottom: 100px !important;}&#8221;][vc_column width=&#8221;7\/12&#8243;][vc_custom_heading text=&#8221;Vamos un paso adelante&#8221; font_container=&#8221;tag:div|font_size:3rem|text_align:left|color:%23ffffff&#8221; use_theme_fonts=&#8221;yes&#8221; css_animation=&#8221;fadeInUp&#8221; css=&#8221;.vc_custom_1648584262415{margin-left: 3px !important;}&#8221; el_class=&#8221;delay-1 custom-hd&#8221;][vc_empty_space height=&#8221;20px&#8221;][vc_custom_heading text=&#8221;Evaluaci\u00f3n y resguardo piloteado RPA DRONE&#8221; font_container=&#8221;tag:h2|font_size:6rem|text_align:left|color:%23ffffff|line_height:0.9&#8243; use_theme_fonts=&#8221;yes&#8221; css_animation=&#8221;fadeInUp&#8221; el_class=&#8221;custom-hd delay-2&#8243;][vc_separator color=&#8221;white&#8221; align=&#8221;align_left&#8221; border_width=&#8221;5&#8243; el_width=&#8221;10&#8243; css_animation=&#8221;fadeInUp&#8221; el_class=&#8221;delay-4&#8243; css=&#8221;.vc_custom_1540433519046{margin-bottom: 50px !important;margin-left: 5px !important;padding-top: 15px !important;}&#8221;][vc_column_text css_animation=&#8221;fadeInUp&#8221; css=&#8221;.vc_custom_1654150256607{margin-left: 3px !important;}&#8221; el_class=&#8221;delay-3&#8243;]<a class=\"button line\" href=\"https:\/\/gruposergus.com\/?page_id=239\">Contactar a su asesor<\/a>[\/vc_column_text][\/vc_column][vc_column width=&#8221;5\/12&#8243;][\/vc_column][\/vc_row][\/vc_section][vc_section css_animation=&#8221;none&#8221; css=&#8221;.vc_custom_1575621887487{padding-bottom: 60px !important;}&#8221; el_id=&#8221;overview&#8221;][vc_row][vc_column offset=&#8221;vc_hidden-sm vc_hidden-xs&#8221;][vc_widget_sidebar sidebar_id=&#8221;sidebar-5b8f8fdb9861f&#8221;][\/vc_column][\/vc_row][vc_row css=&#8221;.vc_custom_1575621899399{padding-top: 80px !important;}&#8221;][vc_column width=&#8221;1\/6&#8243;][\/vc_column][vc_column width=&#8221;2\/3&#8243;][vc_custom_heading text=&#8221;Porque elegir nuestro servicio&#8221; font_container=&#8221;tag:h6|font_size:10px|text_align:center|color:%23627792&#8243; use_theme_fonts=&#8221;yes&#8221; el_class=&#8221;style1&#8243;][vc_empty_space height=&#8221;6px&#8221;][vc_custom_heading text=&#8221;Evaluamos los puntos vulnerables de su seguridad mediante RPA DRONE&#8221; font_container=&#8221;tag:h3|text_align:center&#8221; use_theme_fonts=&#8221;yes&#8221;][vc_empty_space height=&#8221;20px&#8221;][vc_column_text]<\/p>\n<div class=\"et_pb_module et_pb_text et_pb_text_1 et_pb_text_align_justified et_pb_bg_layout_light\">\n<div class=\"et_pb_text_inner\">\n<p style=\"text-align: center;\">En Grupo Sergus contamos un equipo altamente calificado para operar Drones RPA profesionales, los cuales en conjunto con nuestro equipo de expertos, evaluamos\u00a0 los puntos vulnerables\u00a0 de seguridad y dise\u00f1amos soluciones con el objetivo de corregir o minimizar los posibles eventos delictivos.<\/p>\n<p style=\"text-align: center;\">Contamos con Drones de alto alcance y sistema de grabaci\u00f3n UHD los que pueden ser utilizado en todas las industrias.<\/p>\n<p style=\"text-align: center;\">posibilitando generar reconocimientos a\u00e9reos de faenas y plantas de producci\u00f3n, detecci\u00f3n infrarroja,\u00a0 fotogrametr\u00eda digital , entre otras funciones.<\/p>\n<\/div>\n<\/div>\n<p>[\/vc_column_text][\/vc_column][vc_column width=&#8221;1\/6&#8243;][\/vc_column][\/vc_row][vc_row][vc_column width=&#8221;1\/3&#8243;][vc_hoverbox image=&#8221;2086&#8243; primary_title=&#8221;Aero Vigilancia&#8221; hover_title=&#8221;Aero vigilancia RPA Drone&#8221;]Nuestro servicio de vigilancia aerea mediante drone esta disponible 24\/7 para nuestros clientes.[\/vc_hoverbox][\/vc_column][vc_column width=&#8221;1\/3&#8243;][vc_hoverbox image=&#8221;2088&#8243; primary_title=&#8221;Detecci\u00f3n infraroja&#8221; hover_title=&#8221;Vigilancia infraroja&#8221;]La evaluaci\u00f3n de infraestructura critica o llamada &#8220;zonas abiertas deben ser analizada con tecnolog\u00eda de punta y dise\u00f1ar planes que reduzcan los focos de delincuencia o vandalismo presentes en estas zonas.[\/vc_hoverbox][\/vc_column][vc_column width=&#8221;1\/3&#8243;][vc_hoverbox image=&#8221;2089&#8243; primary_title=&#8221;Inspecci\u00f3n y Telemetrias&#8221; hover_title=&#8221;Aero vigilancia RPA Drone&#8221;]Apoyamos la inspecci\u00f3n de infraestructura critica, aportando imagenes y videos de alta definici\u00f3n.[\/vc_hoverbox][\/vc_column][\/vc_row][\/vc_section][vc_section css_animation=&#8221;fadeInUp&#8221; css=&#8221;.vc_custom_1648084294358{padding-top: 80px !important;padding-bottom: 30px !important;background: #003fff url(https:\/\/gruposergus.com\/wp-content\/uploads\/2022\/03\/sergus-fondo-copy.png?id=1996) !important;}&#8221; el_id=&#8221;solutions&#8221;][vc_row][vc_column][vc_custom_heading text=&#8221;AERO INSPECCI\u00d3N RPA &#8211; DRONE&#8221; font_container=&#8221;tag:h6|font_size:10px|text_align:center|color:%23efefef&#8221; use_theme_fonts=&#8221;yes&#8221; el_class=&#8221;style1&#8243;][vc_empty_space height=&#8221;6px&#8221;][vc_custom_heading text=&#8221;Soluciones que se amoldan a nuestros clientes&#8221; font_container=&#8221;tag:h3|text_align:center|color:%23ffffff&#8221; use_theme_fonts=&#8221;yes&#8221;][vc_separator][\/vc_column][\/vc_row][\/vc_section][vc_section css_animation=&#8221;fadeInUp&#8221; el_id=&#8221;benefits&#8221; css=&#8221;.vc_custom_1575621929037{padding-top: 80px !important;padding-bottom: 80px !important;}&#8221;][\/vc_section][vc_section css_animation=&#8221;fadeInUp&#8221; bg_position=&#8221;center center&#8221; el_class=&#8221;mask&#8221; css=&#8221;.vc_custom_1648585255542{background: #3a4bff url(https:\/\/gruposergus.com\/wp-content\/uploads\/2022\/03\/Captura-de-Pantalla-2022-03-23-a-las-22.15.08-1.png?id=2087) !important;background-position: center !important;background-repeat: no-repeat !important;background-size: cover !important;}&#8221; el_id=&#8221;customers&#8221;][vc_row css=&#8221;.vc_custom_1575621954362{padding-top: 120px !important;padding-bottom: 120px !important;}&#8221; el_class=&#8221;mask&#8221;][vc_column width=&#8221;1\/6&#8243;][\/vc_column][vc_column width=&#8221;2\/3&#8243;][vc_icon type=&#8221;entypo&#8221; icon_entypo=&#8221;entypo-icon entypo-icon-quote&#8221; color=&#8221;custom&#8221; background_style=&#8221;rounded&#8221; background_color=&#8221;white&#8221; align=&#8221;center&#8221; custom_color=&#8221;#0004ff&#8221;][vc_custom_heading text=&#8221;Como empresa siempre debemos ir un paso adelante, nuestros servicios de Aero Vigilancia e inspecci\u00f3n con RPA Drone esta disponible para nuestros clientes cuando ellos lo requieran 24\/7.&#8221; font_container=&#8221;tag:div|font_size:36px|text_align:center|color:%23ffffff|line_height:1.35em&#8221; use_theme_fonts=&#8221;yes&#8221;][vc_empty_space height=&#8221;30px&#8221;][\/vc_column][vc_column width=&#8221;1\/6&#8243;][\/vc_column][\/vc_row][\/vc_section]<\/p>\n","protected":false},"excerpt":{"rendered":"<p>[vc_section css=&#8221;.vc_custom_1648584235974{background: #1500ff url(https:\/\/gruposergus.com\/wp-content\/uploads\/2022\/03\/Drone01.jpg?id=2086) !important;background-position: center !important;background-repeat: no-repeat !important;background-size: cover !important;}&#8221; el_class=&#8221;mask&#8221;][vc_row css=&#8221;.vc_custom_1575622584114{padding-top: 120px !important;padding-bottom: 100px !important;}&#8221;][vc_column width=&#8221;7\/12&#8243;][vc_custom_heading text=&#8221;Vamos un paso adelante&#8221; font_container=&#8221;tag:div|font_size:3rem|text_align:left|color:%23ffffff&#8221; use_theme_fonts=&#8221;yes&#8221; css_animation=&#8221;fadeInUp&#8221; css=&#8221;.vc_custom_1648584262415{margin-left: 3px !important;}&#8221; el_class=&#8221;delay-1 custom-hd&#8221;][vc_empty_space height=&#8221;20px&#8221;][vc_custom_heading text=&#8221;Evaluaci\u00f3n y resguardo piloteado RPA DRONE&#8221; font_container=&#8221;tag:h2|font_size:6rem|text_align:left|color:%23ffffff|line_height:0.9&#8243; use_theme_fonts=&#8221;yes&#8221; css_animation=&#8221;fadeInUp&#8221; el_class=&#8221;custom-hd delay-2&#8243;][vc_separator color=&#8221;white&#8221; align=&#8221;align_left&#8221; border_width=&#8221;5&#8243; el_width=&#8221;10&#8243; css_animation=&#8221;fadeInUp&#8221; el_class=&#8221;delay-4&#8243; css=&#8221;.vc_custom_1540433519046{margin-bottom: 50px !important;margin-left: 5px !important;padding-top: 15px !important;}&#8221;][vc_column_text [&hellip;]<\/p>\n","protected":false},"author":1,"featured_media":0,"parent":707,"menu_order":0,"comment_status":"closed","ping_status":"closed","template":"tmpl\/template-fullwidth.php","meta":{"footnotes":""},"class_list":["post-715","page","type-page","status-publish","hentry"],"acf":[],"_links":{"self":[{"href":"https:\/\/gruposergus.com\/index.php?rest_route=\/wp\/v2\/pages\/715","targetHints":{"allow":["GET"]}}],"collection":[{"href":"https:\/\/gruposergus.com\/index.php?rest_route=\/wp\/v2\/pages"}],"about":[{"href":"https:\/\/gruposergus.com\/index.php?rest_route=\/wp\/v2\/types\/page"}],"author":[{"embeddable":true,"href":"https:\/\/gruposergus.com\/index.php?rest_route=\/wp\/v2\/users\/1"}],"replies":[{"embeddable":true,"href":"https:\/\/gruposergus.com\/index.php?rest_route=%2Fwp%2Fv2%2Fcomments&post=715"}],"version-history":[{"count":11,"href":"https:\/\/gruposergus.com\/index.php?rest_route=\/wp\/v2\/pages\/715\/revisions"}],"predecessor-version":[{"id":2227,"href":"https:\/\/gruposergus.com\/index.php?rest_route=\/wp\/v2\/pages\/715\/revisions\/2227"}],"up":[{"embeddable":true,"href":"https:\/\/gruposergus.com\/index.php?rest_route=\/wp\/v2\/pages\/707"}],"wp:attachment":[{"href":"https:\/\/gruposergus.com\/index.php?rest_route=%2Fwp%2Fv2%2Fmedia&parent=715"}],"curies":[{"name":"wp","href":"https:\/\/api.w.org\/{rel}","templated":true}]}}