{"id":717,"date":"2018-08-08T10:09:17","date_gmt":"2018-08-08T13:09:17","guid":{"rendered":"https:\/\/gruposergus.com\/?page_id=717"},"modified":"2022-06-02T02:56:24","modified_gmt":"2022-06-02T05:56:24","slug":"vigilante-protocolo-covid","status":"publish","type":"page","link":"https:\/\/gruposergus.com\/?page_id=717","title":{"rendered":"Vigilante Protocolo Covid"},"content":{"rendered":"<p>[vc_section css=&#8221;.vc_custom_1648088215315{background: #0a2eff url(https:\/\/gruposergus.com\/wp-content\/uploads\/2022\/03\/covid.png?id=1999) !important;background-position: center !important;background-repeat: no-repeat !important;background-size: cover !important;}&#8221; el_class=&#8221;mask&#8221;][vc_row css=&#8221;.vc_custom_1575622707819{padding-top: 120px !important;padding-bottom: 100px !important;}&#8221;][vc_column width=&#8221;7\/12&#8243;][vc_custom_heading text=&#8221;Vigilantes COVID&#8221; font_container=&#8221;tag:div|font_size:3rem|text_align:left|color:%23ffffff&#8221; use_theme_fonts=&#8221;yes&#8221; css_animation=&#8221;fadeInUp&#8221; css=&#8221;.vc_custom_1648088336236{margin-left: 3px !important;}&#8221; el_class=&#8221;delay-1 custom-hd&#8221;][vc_empty_space height=&#8221;20px&#8221;][vc_custom_heading text=&#8221;Control de aforos y protocolos sanitarios&#8221; font_container=&#8221;tag:h2|font_size:6rem|text_align:left|color:%23ffffff|line_height:0.9&#8243; use_theme_fonts=&#8221;yes&#8221; css_animation=&#8221;fadeInUp&#8221; el_class=&#8221;custom-hd delay-2&#8243;][vc_separator color=&#8221;white&#8221; align=&#8221;align_left&#8221; border_width=&#8221;5&#8243; el_width=&#8221;10&#8243; css_animation=&#8221;fadeInUp&#8221; el_class=&#8221;delay-4&#8243; css=&#8221;.vc_custom_1540433674448{margin-bottom: 50px !important;margin-left: 5px !important;padding-top: 15px !important;}&#8221;][vc_column_text css_animation=&#8221;fadeInUp&#8221; css=&#8221;.vc_custom_1654149371398{margin-left: 3px !important;}&#8221; el_class=&#8221;delay-3&#8243;]<a class=\"button line\" href=\"https:\/\/gruposergus.com\/?page_id=239\">Contactar con asesor<\/a>[\/vc_column_text][\/vc_column][vc_column width=&#8221;5\/12&#8243;][\/vc_column][\/vc_row][\/vc_section][vc_section css_animation=&#8221;none&#8221; css=&#8221;.vc_custom_1575621887487{padding-bottom: 60px !important;}&#8221; el_id=&#8221;overview&#8221;][vc_row][vc_column offset=&#8221;vc_hidden-sm vc_hidden-xs&#8221;][vc_widget_sidebar sidebar_id=&#8221;sidebar-5b8f8fdb9861f&#8221;][\/vc_column][\/vc_row][vc_row css=&#8221;.vc_custom_1575621899399{padding-top: 80px !important;}&#8221;][vc_column width=&#8221;1\/6&#8243;][\/vc_column][vc_column width=&#8221;2\/3&#8243;][vc_custom_heading text=&#8221;Porque es importante contratar nuestros servicios COVID?&#8221; font_container=&#8221;tag:h6|font_size:10px|text_align:center|color:%23627792&#8243; use_theme_fonts=&#8221;yes&#8221; el_class=&#8221;style1&#8243;][vc_empty_space height=&#8221;6px&#8221;][vc_custom_heading text=&#8221;Resguardamos a tus colaboradores y clientes. optimizando el flujo de ventas.&#8221; font_container=&#8221;tag:h3|text_align:center&#8221; use_theme_fonts=&#8221;yes&#8221;][vc_empty_space height=&#8221;20px&#8221;][vc_column_text]<\/p>\n<p style=\"text-align: center;\">Nuestro personal altamente capacitado junto a tecnolog\u00eda de punta, optimizar\u00e1n la atenci\u00f3n de clientes y mantendr\u00e1n un flujo de compras ordenado y controlado.<\/p>\n<p>[\/vc_column_text][\/vc_column][vc_column width=&#8221;1\/6&#8243;][\/vc_column][\/vc_row][vc_row][vc_column width=&#8221;1\/2&#8243;][vc_empty_space height=&#8221;60px&#8221;][vc_single_image image=&#8221;2008&#8243; img_size=&#8221;1804X494&#8243;][\/vc_column][vc_column width=&#8221;1\/2&#8243;][vc_empty_space height=&#8221;60px&#8221;][vc_zigzag color=&#8221;blue&#8221; el_border_width=&#8221;8&#8243; css_animation=&#8221;fadeInRightBig&#8221;][vc_masonry_media_grid element_width=&#8221;2&#8243; gap=&#8221;20&#8243; grid_id=&#8221;vc_gid:1654149347767-f348d143-a4fd-4&#8243; include=&#8221;2001,2002,2003,2004&#8243;][vc_zigzag color=&#8221;blue&#8221; el_border_width=&#8221;8&#8243; css_animation=&#8221;fadeInRightBig&#8221;][\/vc_column][\/vc_row][\/vc_section][vc_section css_animation=&#8221;fadeInUp&#8221; el_class=&#8221;mask&#8221; css=&#8221;.vc_custom_1648091155340{background: #4830ff url(https:\/\/gruposergus.com\/wp-content\/uploads\/2022\/03\/57035352_101.jpg?id=2010) !important;background-position: center !important;background-repeat: no-repeat !important;background-size: cover !important;}&#8221; el_id=&#8221;customers&#8221;][vc_row css=&#8221;.vc_custom_1575621954362{padding-top: 120px !important;padding-bottom: 120px !important;}&#8221; el_class=&#8221;mask&#8221;][vc_column width=&#8221;1\/6&#8243;][\/vc_column][vc_column width=&#8221;2\/3&#8243;][vc_icon type=&#8221;entypo&#8221; icon_entypo=&#8221;entypo-icon entypo-icon-quote&#8221; color=&#8221;custom&#8221; background_style=&#8221;rounded&#8221; background_color=&#8221;white&#8221; align=&#8221;center&#8221; custom_color=&#8221;#001dff&#8221;][vc_custom_heading text=&#8221;Mantener los aforos y medidas sanitarias en eventos masivos, centros comerciales y salas de ventas es de vital importancia para nuestros clientes y sus consumidores.<br \/>\nEn Sergus hemos dise\u00f1ado el servicio de vigilantes Covid los cuales resguardan estos intereses.&#8221; font_container=&#8221;tag:div|font_size:30|text_align:center|color:%23ffffff|line_height:1.35em&#8221; use_theme_fonts=&#8221;yes&#8221;][vc_empty_space height=&#8221;30px&#8221;][\/vc_column][vc_column width=&#8221;1\/6&#8243;][\/vc_column][\/vc_row][\/vc_section][vc_row][vc_column][vc_message message_box_color=&#8221;blue&#8221;]<\/p>\n<p style=\"text-align: center;\">Solicite atenci\u00f3n especializada v\u00eda <strong>Whatsapp o atenci\u00f3n personalizada en el Chat Sergus <\/strong><\/p>\n<p>[\/vc_message][\/vc_column][\/vc_row]<\/p>\n","protected":false},"excerpt":{"rendered":"<p>[vc_section css=&#8221;.vc_custom_1648088215315{background: #0a2eff url(https:\/\/gruposergus.com\/wp-content\/uploads\/2022\/03\/covid.png?id=1999) !important;background-position: center !important;background-repeat: no-repeat !important;background-size: cover !important;}&#8221; el_class=&#8221;mask&#8221;][vc_row css=&#8221;.vc_custom_1575622707819{padding-top: 120px !important;padding-bottom: 100px !important;}&#8221;][vc_column width=&#8221;7\/12&#8243;][vc_custom_heading text=&#8221;Vigilantes COVID&#8221; font_container=&#8221;tag:div|font_size:3rem|text_align:left|color:%23ffffff&#8221; use_theme_fonts=&#8221;yes&#8221; css_animation=&#8221;fadeInUp&#8221; css=&#8221;.vc_custom_1648088336236{margin-left: 3px !important;}&#8221; el_class=&#8221;delay-1 custom-hd&#8221;][vc_empty_space height=&#8221;20px&#8221;][vc_custom_heading text=&#8221;Control de aforos y protocolos sanitarios&#8221; font_container=&#8221;tag:h2|font_size:6rem|text_align:left|color:%23ffffff|line_height:0.9&#8243; use_theme_fonts=&#8221;yes&#8221; css_animation=&#8221;fadeInUp&#8221; el_class=&#8221;custom-hd delay-2&#8243;][vc_separator color=&#8221;white&#8221; align=&#8221;align_left&#8221; border_width=&#8221;5&#8243; el_width=&#8221;10&#8243; css_animation=&#8221;fadeInUp&#8221; el_class=&#8221;delay-4&#8243; css=&#8221;.vc_custom_1540433674448{margin-bottom: 50px !important;margin-left: 5px !important;padding-top: 15px !important;}&#8221;][vc_column_text css_animation=&#8221;fadeInUp&#8221; css=&#8221;.vc_custom_1654149371398{margin-left: [&hellip;]<\/p>\n","protected":false},"author":1,"featured_media":0,"parent":707,"menu_order":0,"comment_status":"closed","ping_status":"closed","template":"tmpl\/template-fullwidth.php","meta":{"footnotes":""},"class_list":["post-717","page","type-page","status-publish","hentry"],"acf":[],"_links":{"self":[{"href":"https:\/\/gruposergus.com\/index.php?rest_route=\/wp\/v2\/pages\/717","targetHints":{"allow":["GET"]}}],"collection":[{"href":"https:\/\/gruposergus.com\/index.php?rest_route=\/wp\/v2\/pages"}],"about":[{"href":"https:\/\/gruposergus.com\/index.php?rest_route=\/wp\/v2\/types\/page"}],"author":[{"embeddable":true,"href":"https:\/\/gruposergus.com\/index.php?rest_route=\/wp\/v2\/users\/1"}],"replies":[{"embeddable":true,"href":"https:\/\/gruposergus.com\/index.php?rest_route=%2Fwp%2Fv2%2Fcomments&post=717"}],"version-history":[{"count":11,"href":"https:\/\/gruposergus.com\/index.php?rest_route=\/wp\/v2\/pages\/717\/revisions"}],"predecessor-version":[{"id":2180,"href":"https:\/\/gruposergus.com\/index.php?rest_route=\/wp\/v2\/pages\/717\/revisions\/2180"}],"up":[{"embeddable":true,"href":"https:\/\/gruposergus.com\/index.php?rest_route=\/wp\/v2\/pages\/707"}],"wp:attachment":[{"href":"https:\/\/gruposergus.com\/index.php?rest_route=%2Fwp%2Fv2%2Fmedia&parent=717"}],"curies":[{"name":"wp","href":"https:\/\/api.w.org\/{rel}","templated":true}]}}