{"id":721,"date":"2018-08-08T10:10:08","date_gmt":"2018-08-08T13:10:08","guid":{"rendered":"https:\/\/gruposergus.com\/?page_id=721"},"modified":"2022-06-02T02:39:04","modified_gmt":"2022-06-02T05:39:04","slug":"aseo","status":"publish","type":"page","link":"https:\/\/gruposergus.com\/?page_id=721","title":{"rendered":"Aseo"},"content":{"rendered":"<p>[vc_section][vc_row][vc_column css_animation=&#8221;fadeIn&#8221; width=&#8221;1\/4&#8243; el_class=&#8221;delay-1&#8243;]<div class=\"iconbox style3 \">\n\n\t<h5 class=\"box-title\">Industrial<\/h5>\n\t<div class=\"box-detail\">\n\t\t<p><span style=\"font-weight: 400\">Contamos con un gran equipo de trabajo que nos permite mantener el aseo de cada rinc\u00f3n de tu instalaci\u00f3n o edificio. Nuestro equipamiento dejar\u00e1 las oficinas de tu instalaci\u00f3n como nuevas.\u00a0<\/span><\/p>\n<p><img loading=\"lazy\" decoding=\"async\" class=\"alignnone size-medium wp-image-2016\" src=\"https:\/\/gruposergus.com\/wp-content\/uploads\/2022\/03\/Aseo-industrail-300x200.jpg\" alt=\"\" width=\"300\" height=\"200\" srcset=\"https:\/\/gruposergus.com\/wp-content\/uploads\/2022\/03\/Aseo-industrail-300x200.jpg 300w, https:\/\/gruposergus.com\/wp-content\/uploads\/2022\/03\/Aseo-industrail.jpg 600w\" sizes=\"auto, (max-width: 300px) 100vw, 300px\" \/><\/p>\n\t\n\t<\/div>\n\t<div class=\"box-icon\"><img decoding=\"async\" src=\"https:\/\/gruposergus.com\/wp-content\/uploads\/2022\/03\/fabrica-ecologica.png\" alt=\"Industrial\" \/><\/div>\t\n\t\n\t\t<div class=\"box-readmore\">\n\t\t\t<a class=\"button no-bg\" href=\"https:\/\/gruposergus.com\/?page_id=723\">Saber mas<\/a>\n\t\t<\/div>\n<\/div>[vc_empty_space height=&#8221;30px&#8221;][\/vc_column][vc_column css_animation=&#8221;fadeIn&#8221; width=&#8221;1\/4&#8243; el_class=&#8221;delay-2&#8243;]<div class=\"iconbox style3 \">\n\n\t<h5 class=\"box-title\">Hospitalario<\/h5>\n\t<div class=\"box-detail\">\n\t\t<p><span style=\"font-weight: 400\">Entendemos las necesidades y exigencias que tienen las instituciones de salud, realizando rigurosos procedimientos que permiten mantener la seguridad de cada uno de los pacientes y el equipo de salud.<\/span><\/p>\n<p><img loading=\"lazy\" decoding=\"async\" class=\"alignnone size-medium wp-image-2018\" src=\"https:\/\/gruposergus.com\/wp-content\/uploads\/2022\/03\/Aseo-clinico2-300x200.jpg\" alt=\"\" width=\"300\" height=\"200\" srcset=\"https:\/\/gruposergus.com\/wp-content\/uploads\/2022\/03\/Aseo-clinico2-300x200.jpg 300w, https:\/\/gruposergus.com\/wp-content\/uploads\/2022\/03\/Aseo-clinico2.jpg 600w\" sizes=\"auto, (max-width: 300px) 100vw, 300px\" \/><\/p>\n\t\n\t<\/div>\n\t<div class=\"box-icon\"><img decoding=\"async\" src=\"https:\/\/gruposergus.com\/wp-content\/uploads\/2022\/03\/hospital.png\" alt=\"Hospitalario\" \/><\/div>\t\n\t\n\t\t<div class=\"box-readmore\">\n\t\t\t<a class=\"button no-bg\" href=\"https:\/\/gruposergus.com\/?page_id=725\">Saber mas<\/a>\n\t\t<\/div>\n<\/div>[vc_empty_space height=&#8221;30px&#8221;][\/vc_column][vc_column css_animation=&#8221;fadeIn&#8221; width=&#8221;1\/4&#8243; el_class=&#8221;delay-3&#8243;]<div class=\"iconbox style3 \">\n\n\t<h5 class=\"box-title\">Oficinas Corporativas<\/h5>\n\t<div class=\"box-detail\">\n\t\t<p><span style=\"font-weight: 400\">El Aseo de oficina y recintos corporativos es un elemento de vital importancia para cualquier empresa u organizaci\u00f3n, debido al alto flujo de colaboradores, clientes y proveedores que transitan por las dependencias.<br \/>\n<\/span><\/p>\n<p><img loading=\"lazy\" decoding=\"async\" class=\"alignnone size-medium wp-image-2019\" src=\"https:\/\/gruposergus.com\/wp-content\/uploads\/2022\/03\/Aseo-oficinas-300x200.jpg\" alt=\"\" width=\"300\" height=\"200\" srcset=\"https:\/\/gruposergus.com\/wp-content\/uploads\/2022\/03\/Aseo-oficinas-300x200.jpg 300w, https:\/\/gruposergus.com\/wp-content\/uploads\/2022\/03\/Aseo-oficinas.jpg 600w\" sizes=\"auto, (max-width: 300px) 100vw, 300px\" \/><\/p>\n\t\n\t<\/div>\n\t<div class=\"box-icon\"><img decoding=\"async\" src=\"https:\/\/gruposergus.com\/wp-content\/uploads\/2022\/03\/trabajador.png\" alt=\"Oficinas Corporativas\" \/><\/div>\t\n\t\n\t\t<div class=\"box-readmore\">\n\t\t\t<a class=\"button no-bg\" href=\"https:\/\/gruposergus.com\/?page_id=727\">Saber mas<\/a>\n\t\t<\/div>\n<\/div>[vc_empty_space height=&#8221;30px&#8221;][\/vc_column][vc_column css_animation=&#8221;fadeIn&#8221; width=&#8221;1\/4&#8243; el_class=&#8221;delay-4&#8243;]<div class=\"iconbox style3 \">\n\n\t<h5 class=\"box-title\">Higienizaci\u00f3n Covid<\/h5>\n\t<div class=\"box-detail\">\n\t\t<p><span style=\"font-weight: 400\">La sanitizaci\u00f3n en tiempos de COVID\u201319 es de extrema importancia. En Grupo Sergus contamos con qu\u00edmicos espec\u00edficos, de uso y manipulaci\u00f3n de ambientes espec\u00edficos y eliminan y frenan el brote de bacterias, hongos y virus.<\/span><\/p>\n<p><img loading=\"lazy\" decoding=\"async\" class=\"alignnone size-medium wp-image-2022\" src=\"https:\/\/gruposergus.com\/wp-content\/uploads\/2022\/03\/Aseo-desinfeccion-300x200.jpg\" alt=\"\" width=\"300\" height=\"200\" srcset=\"https:\/\/gruposergus.com\/wp-content\/uploads\/2022\/03\/Aseo-desinfeccion-300x200.jpg 300w, https:\/\/gruposergus.com\/wp-content\/uploads\/2022\/03\/Aseo-desinfeccion.jpg 600w\" sizes=\"auto, (max-width: 300px) 100vw, 300px\" \/><\/p>\n\t\n\t<\/div>\n\t<div class=\"box-icon\"><img decoding=\"async\" src=\"https:\/\/gruposergus.com\/wp-content\/uploads\/2022\/03\/desinfeccion2.png\" alt=\"Higienizaci\u00f3n Covid\" \/><\/div>\t\n\t\n\t\t<div class=\"box-readmore\">\n\t\t\t<a class=\"button no-bg\" href=\"https:\/\/gruposergus.com\/?page_id=729\">Saber mas<\/a>\n\t\t<\/div>\n<\/div>[vc_empty_space height=&#8221;30px&#8221;][\/vc_column][\/vc_row][\/vc_section]<\/p>\n","protected":false},"excerpt":{"rendered":"<p>[vc_section][vc_row][vc_column css_animation=&#8221;fadeIn&#8221; width=&#8221;1\/4&#8243; el_class=&#8221;delay-1&#8243;][vc_empty_space height=&#8221;30px&#8221;][\/vc_column][vc_column css_animation=&#8221;fadeIn&#8221; width=&#8221;1\/4&#8243; el_class=&#8221;delay-2&#8243;][vc_empty_space height=&#8221;30px&#8221;][\/vc_column][vc_column css_animation=&#8221;fadeIn&#8221; width=&#8221;1\/4&#8243; el_class=&#8221;delay-3&#8243;][vc_empty_space height=&#8221;30px&#8221;][\/vc_column][vc_column css_animation=&#8221;fadeIn&#8221; width=&#8221;1\/4&#8243; el_class=&#8221;delay-4&#8243;][vc_empty_space height=&#8221;30px&#8221;][\/vc_column][\/vc_row][\/vc_section]<\/p>\n","protected":false},"author":1,"featured_media":0,"parent":0,"menu_order":0,"comment_status":"closed","ping_status":"closed","template":"tmpl\/template-fullwidth.php","meta":{"footnotes":""},"class_list":["post-721","page","type-page","status-publish","hentry"],"acf":[],"_links":{"self":[{"href":"https:\/\/gruposergus.com\/index.php?rest_route=\/wp\/v2\/pages\/721","targetHints":{"allow":["GET"]}}],"collection":[{"href":"https:\/\/gruposergus.com\/index.php?rest_route=\/wp\/v2\/pages"}],"about":[{"href":"https:\/\/gruposergus.com\/index.php?rest_route=\/wp\/v2\/types\/page"}],"author":[{"embeddable":true,"href":"https:\/\/gruposergus.com\/index.php?rest_route=\/wp\/v2\/users\/1"}],"replies":[{"embeddable":true,"href":"https:\/\/gruposergus.com\/index.php?rest_route=%2Fwp%2Fv2%2Fcomments&post=721"}],"version-history":[{"count":8,"href":"https:\/\/gruposergus.com\/index.php?rest_route=\/wp\/v2\/pages\/721\/revisions"}],"predecessor-version":[{"id":2165,"href":"https:\/\/gruposergus.com\/index.php?rest_route=\/wp\/v2\/pages\/721\/revisions\/2165"}],"wp:attachment":[{"href":"https:\/\/gruposergus.com\/index.php?rest_route=%2Fwp%2Fv2%2Fmedia&parent=721"}],"curies":[{"name":"wp","href":"https:\/\/api.w.org\/{rel}","templated":true}]}}