{"id":723,"date":"2018-08-08T10:10:29","date_gmt":"2018-08-08T13:10:29","guid":{"rendered":"https:\/\/gruposergus.com\/?page_id=723"},"modified":"2022-06-01T17:48:51","modified_gmt":"2022-06-01T20:48:51","slug":"industrial","status":"publish","type":"page","link":"https:\/\/gruposergus.com\/?page_id=723","title":{"rendered":"Industrial"},"content":{"rendered":"<p>[vc_section css=&#8221;.vc_custom_1647577074676{background: #276af6 url(https:\/\/gruposergus.com\/wp-content\/uploads\/2022\/03\/aseo-ind-scaled.jpg?id=1905) !important;background-position: center !important;background-repeat: no-repeat !important;background-size: cover !important;}&#8221; el_class=&#8221;mask&#8221;][vc_row css=&#8221;.vc_custom_1575623263090{padding-top: 120px !important;padding-bottom: 100px !important;}&#8221;][vc_column width=&#8221;1\/6&#8243;][\/vc_column][vc_column width=&#8221;2\/3&#8243;][vc_custom_heading text=&#8221;Aseo&#8221; font_container=&#8221;tag:div|font_size:3rem|text_align:center|color:%23ffffff&#8221; use_theme_fonts=&#8221;yes&#8221; css_animation=&#8221;fadeInUp&#8221; css=&#8221;.vc_custom_1647577144903{margin-left: 3px !important;}&#8221; el_class=&#8221;delay-1 custom-hd&#8221;][vc_empty_space height=&#8221;20px&#8221;][vc_custom_heading text=&#8221;Medianas y Grandes Industrias&#8221; font_container=&#8221;tag:h2|font_size:6rem|text_align:center|color:%23ffffff|line_height:0.9&#8243; use_theme_fonts=&#8221;yes&#8221; css_animation=&#8221;fadeInUp&#8221; el_class=&#8221;custom-hd delay-2&#8243;][vc_separator color=&#8221;white&#8221; border_width=&#8221;5&#8243; el_width=&#8221;10&#8243; css_animation=&#8221;fadeInUp&#8221; el_class=&#8221;delay-4&#8243; css=&#8221;.vc_custom_1540433855289{margin-bottom: 50px !important;padding-top: 15px !important;}&#8221;][vc_column_text css_animation=&#8221;fadeInUp&#8221; css=&#8221;.vc_custom_1647577135050{margin-left: 3px !important;}&#8221; el_class=&#8221;delay-3&#8243;][\/vc_column_text][\/vc_column][vc_column width=&#8221;1\/6&#8243;][\/vc_column][\/vc_row][\/vc_section][vc_section css_animation=&#8221;none&#8221; el_id=&#8221;overview&#8221;][vc_row el_class=&#8221;gradient2&#8243;][vc_column width=&#8221;1\/6&#8243;][\/vc_column][vc_column width=&#8221;2\/3&#8243;][vc_empty_space height=&#8221;80px&#8221;][vc_empty_space height=&#8221;6px&#8221;][vc_custom_heading text=&#8221;Aseo integral de edificios e industrias&#8221; font_container=&#8221;tag:h3|text_align:center&#8221; use_theme_fonts=&#8221;yes&#8221;][vc_empty_space height=&#8221;20px&#8221;][vc_column_text]Contamos con gran equipo de trabajo que nos permite mantener el aseo de cada rinc\u00f3n de tu instalaci\u00f3n o edificio. Nuestro equipamiento dejara las oficinas de tu instalaci\u00f3n como nuevas.<\/p>\n<p>El aseo industrial tiene como finalidad principal la limpieza y mantenimiento de las \u00e1reas de una industria o \u00e1reas de manufactura y almacenaje, tambi\u00e9n puede incluir las zonas administrativas y generales de la compa\u00f1\u00eda u organizaci\u00f3n.[\/vc_column_text][vc_empty_space height=&#8221;60px&#8221;][\/vc_column][vc_column width=&#8221;1\/6&#8243;][\/vc_column][\/vc_row][\/vc_section][vc_section el_id=&#8221;sectors&#8221; css=&#8221;.vc_custom_1575623287555{padding-top: 80px !important;padding-bottom: 30px !important;}&#8221; el_class=&#8221;gradient3&#8243;][vc_row css_animation=&#8221;none&#8221;][vc_column][vc_empty_space height=&#8221;6px&#8221;][vc_custom_heading text=&#8221;Los sectores industriales a los que servimos incluyen&#8221; font_container=&#8221;tag:h3|text_align:center&#8221; use_theme_fonts=&#8221;yes&#8221;][vc_empty_space height=&#8221;60px&#8221;]<ul class=\"iconlist iconlist iconlist-icon-small columns-3 gap-50\"><li><div ><div class=\"iconlist-item-icon\"><img decoding=\"async\" src=\"https:\/\/gruposergus.com\/wp-content\/uploads\/2018\/09\/bank-notes-2448_bd66c927-7837-4dbf-bc25-d49656dfe619.svg\" alt=\"bank-notes-2448_bd66c927-7837-4dbf-bc25-d49656dfe619\" \/><\/div><div class=\"iconlist-item-content\"><h4><u>Personal calificado<\/u><\/h4><p>Contamos con personal capacitado para mantener la limpieza de tu edificio y mantener seguro el espacio de trabajo de todos.<\/div><\/div><\/li><li><div ><div class=\"iconlist-item-icon\"><img decoding=\"async\" src=\"https:\/\/gruposergus.com\/wp-content\/uploads\/2018\/09\/bank-cards-2445_a1e87fce-3f73-4202-9204-4ad23d9ce522.svg\" alt=\"bank-cards-2445_a1e87fce-3f73-4202-9204-4ad23d9ce522\" \/><\/div><div class=\"iconlist-item-content\"><h4><u>Soluci\u00f3n completa<\/u><\/h4><p>Nuestro variado equipamiento permitir\u00e1 eliminar cada rastro de suciedad, dejando la instalaci\u00f3n como nuevas.<\/div><\/div><\/li><li><div ><div class=\"iconlist-item-icon\"><img decoding=\"async\" src=\"https:\/\/gruposergus.com\/wp-content\/uploads\/2018\/09\/coins-2452_3800c0d7-bb74-4470-909a-e107b62b50e6.svg\" alt=\"coins-2452_3800c0d7-bb74-4470-909a-e107b62b50e6\" \/><\/div><div class=\"iconlist-item-content\"><h4><u>Personalizaci\u00f3n<\/u><\/h4><p>Nos adaptamos a cada una de las necesidades de limpieza de tu instalaci\u00f3n, desde \u00e1reas industriales, almacenaje y alto flujo de personas.<\/div><\/div><\/li><\/ul>[\/vc_column][\/vc_row][\/vc_section][vc_section css_animation=&#8221;none&#8221; el_id=&#8221;benefits&#8221; css=&#8221;.vc_custom_1575623303709{padding-top: 80px !important;padding-bottom: 80px !important;background-color: #231834 !important;}&#8221;][vc_row][vc_column width=&#8221;1\/12&#8243;][\/vc_column][vc_column width=&#8221;5\/6&#8243;][vc_custom_heading text=&#8221;BENEFICIOS SERVICIOS ASEO&#8221; font_container=&#8221;tag:h6|font_size:10px|text_align:center|color:%231dc2ef&#8221; use_theme_fonts=&#8221;yes&#8221; el_class=&#8221;style1&#8243;][vc_empty_space height=&#8221;6px&#8221;][vc_custom_heading text=&#8221;&#8221; font_container=&#8221;tag:h3|text_align:center|color:%23ffffff&#8221; use_theme_fonts=&#8221;yes&#8221;][vc_empty_space height=&#8221;60px&#8221;][\/vc_column][vc_column width=&#8221;1\/12&#8243;][\/vc_column][\/vc_row][vc_row css_animation=&#8221;none&#8221;][vc_column]<ul class=\"iconlist iconlist iconlist-icon-medium \"><li><div class=\"aligncenter shadow wpb_animate_when_almost_visible fadeIn delay-1  vc_custom_1654116310149\"><div class=\"iconlist-item-icon\"><\/div><div class=\"iconlist-item-content\"><h6><span style=\"color: #ffffff\">Seguridads<\/span><\/h6><p>Somos expertos en aseo y seguridad, no solo limpiamos su espacio de trabajo, sino que resguardamos la vida de sus trabajadores.<\/div><\/div><\/li><li><div class=\"aligncenter shadow wpb_animate_when_almost_visible fadeIn delay-2  vc_custom_1654116408217\"><div class=\"iconlist-item-icon\"><\/div><div class=\"iconlist-item-content\"><h6><span style=\"color: #ffffff\">Support<\/span><\/h6><p>Nuestro servicio post venta permite una r\u00e1pida respuesta ante cualquier problema o imprevisto. Siempre tendr\u00e1 un ejecutivo y un supervisor a cargo de resguardar el buen servicio y cada uno de los protocolos.<\/div><\/div><\/li><li><div class=\"aligncenter shadow wpb_animate_when_almost_visible fadeIn delay-3  vc_custom_1654116454077\"><div class=\"iconlist-item-icon\"><\/div><div class=\"iconlist-item-content\"><h6><span style=\"color: #ffffff\">Flexibilidad<\/span><\/h6><p>Nos adaptamos a cada una de las necesidades de nuestros clientes, nuestros<br \/>expertos estudian su instalaci\u00f3n para realizar el mejor trabajo posible.<\/div><\/div><\/li><li><div class=\"aligncenter shadow wpb_animate_when_almost_visible fadeIn delay-4  vc_custom_1654116490302\"><div class=\"iconlist-item-icon\"><\/div><div class=\"iconlist-item-content\"><h6><span style=\"color: #ffffff\">Equipamiento<\/span><\/h6><p><span style=\"color: #9b9aad\">Contamos con equipamiento de la m\u00e1s alta calidad, certificado por el Instituto de<br \/>Salud P\u00fablica y respaldado por nuestros expertos en limpieza.<\/span><\/div><\/div><\/li><\/ul>[\/vc_column][\/vc_row][\/vc_section][vc_row equal_height=&#8221;yes&#8221; video_bg=&#8221;yes&#8221;][vc_column width=&#8221;1\/4&#8243;][\/vc_column][vc_column width=&#8221;1\/2&#8243;][vc_row_inner][vc_column_inner][\/vc_column_inner][\/vc_row_inner][\/vc_column][vc_column width=&#8221;1\/4&#8243;][\/vc_column][vc_column][\/vc_column][vc_column][\/vc_column][\/vc_row][vc_section css_animation=&#8221;none&#8221; css=&#8221;.vc_custom_1575623303709{padding-top: 80px !important;padding-bottom: 80px !important;background-color: #231834 !important;}&#8221;][vc_row][vc_column width=&#8221;1\/12&#8243;][\/vc_column][vc_column width=&#8221;5\/6&#8243;][vc_empty_space height=&#8221;60px&#8221;]\n<div class=\"wpcf7 no-js\" id=\"wpcf7-f2046-o1\" lang=\"es-CL\" dir=\"ltr\">\n<div class=\"screen-reader-response\"><p role=\"status\" aria-live=\"polite\" aria-atomic=\"true\"><\/p> <ul><\/ul><\/div>\n<form action=\"\/index.php?rest_route=%2Fwp%2Fv2%2Fpages%2F723#wpcf7-f2046-o1\" method=\"post\" class=\"wpcf7-form init\" aria-label=\"Formulario de contacto\" novalidate=\"novalidate\" data-status=\"init\">\n<div style=\"display: none;\">\n<input type=\"hidden\" name=\"_wpcf7\" value=\"2046\" \/>\n<input type=\"hidden\" name=\"_wpcf7_version\" value=\"5.9.6\" \/>\n<input type=\"hidden\" name=\"_wpcf7_locale\" value=\"es_CL\" \/>\n<input type=\"hidden\" name=\"_wpcf7_unit_tag\" value=\"wpcf7-f2046-o1\" \/>\n<input type=\"hidden\" name=\"_wpcf7_container_post\" value=\"0\" \/>\n<input type=\"hidden\" name=\"_wpcf7_posted_data_hash\" value=\"\" \/>\n<\/div>\n<p><label> Tu Nombre<br \/>\n<span class=\"wpcf7-form-control-wrap\" data-name=\"your-name\"><input size=\"40\" maxlength=\"80\" class=\"wpcf7-form-control wpcf7-text wpcf7-validates-as-required\" aria-required=\"true\" aria-invalid=\"false\" value=\"\" type=\"text\" name=\"your-name\" \/><\/span> <\/label>\n<\/p>\n<p><label> Tu e-Mail<br \/>\n<span class=\"wpcf7-form-control-wrap\" data-name=\"your-email\"><input size=\"40\" maxlength=\"80\" class=\"wpcf7-form-control wpcf7-email wpcf7-validates-as-required wpcf7-text wpcf7-validates-as-email\" aria-required=\"true\" aria-invalid=\"false\" value=\"\" type=\"email\" name=\"your-email\" \/><\/span> <\/label>\n<\/p>\n<p><label> Asunto<br \/>\n<span class=\"wpcf7-form-control-wrap\" data-name=\"Servicio-Seguridad\"><select class=\"wpcf7-form-control wpcf7-select wpcf7-validates-as-required\" aria-required=\"true\" aria-invalid=\"false\" name=\"Servicio-Seguridad\"><option value=\"Guardias de Seguridad\">Guardias de Seguridad<\/option><option value=\"Vigilancia Telem\u00e1tica\">Vigilancia Telem\u00e1tica<\/option><option value=\"Control de Flotas GPS\">Control de Flotas GPS<\/option><option value=\"Conserjes\">Conserjes<\/option><option value=\"Vigilante Protocolo Covid\">Vigilante Protocolo Covid<\/option><\/select><\/span> <\/label>\n<\/p>\n<p><label> Mensaje (optional)<br \/>\n<span class=\"wpcf7-form-control-wrap\" data-name=\"your-message\"><textarea cols=\"40\" rows=\"10\" maxlength=\"400\" class=\"wpcf7-form-control wpcf7-textarea\" aria-invalid=\"false\" name=\"your-message\"><\/textarea><\/span> <\/label>\n<\/p>\n<p><input class=\"wpcf7-form-control wpcf7-submit has-spinner\" type=\"submit\" value=\"Enviar\" \/>\n<\/p><div class=\"wpcf7-response-output\" aria-hidden=\"true\"><\/div>\n<\/form>\n<\/div>\n[\/vc_column][vc_column width=&#8221;1\/12&#8243;][\/vc_column][\/vc_row][\/vc_section]<\/p>\n","protected":false},"excerpt":{"rendered":"<p>[vc_section css=&#8221;.vc_custom_1647577074676{background: #276af6 url(https:\/\/gruposergus.com\/wp-content\/uploads\/2022\/03\/aseo-ind-scaled.jpg?id=1905) !important;background-position: center !important;background-repeat: no-repeat !important;background-size: cover !important;}&#8221; el_class=&#8221;mask&#8221;][vc_row css=&#8221;.vc_custom_1575623263090{padding-top: 120px !important;padding-bottom: 100px !important;}&#8221;][vc_column width=&#8221;1\/6&#8243;][\/vc_column][vc_column width=&#8221;2\/3&#8243;][vc_custom_heading text=&#8221;Aseo&#8221; font_container=&#8221;tag:div|font_size:3rem|text_align:center|color:%23ffffff&#8221; use_theme_fonts=&#8221;yes&#8221; css_animation=&#8221;fadeInUp&#8221; css=&#8221;.vc_custom_1647577144903{margin-left: 3px !important;}&#8221; el_class=&#8221;delay-1 custom-hd&#8221;][vc_empty_space height=&#8221;20px&#8221;][vc_custom_heading text=&#8221;Medianas y Grandes Industrias&#8221; font_container=&#8221;tag:h2|font_size:6rem|text_align:center|color:%23ffffff|line_height:0.9&#8243; use_theme_fonts=&#8221;yes&#8221; css_animation=&#8221;fadeInUp&#8221; el_class=&#8221;custom-hd delay-2&#8243;][vc_separator color=&#8221;white&#8221; border_width=&#8221;5&#8243; el_width=&#8221;10&#8243; css_animation=&#8221;fadeInUp&#8221; el_class=&#8221;delay-4&#8243; css=&#8221;.vc_custom_1540433855289{margin-bottom: 50px !important;padding-top: 15px !important;}&#8221;][vc_column_text css_animation=&#8221;fadeInUp&#8221; css=&#8221;.vc_custom_1647577135050{margin-left: 3px !important;}&#8221; el_class=&#8221;delay-3&#8243;][\/vc_column_text][\/vc_column][vc_column width=&#8221;1\/6&#8243;][\/vc_column][\/vc_row][\/vc_section][vc_section css_animation=&#8221;none&#8221; [&hellip;]<\/p>\n","protected":false},"author":1,"featured_media":0,"parent":721,"menu_order":0,"comment_status":"closed","ping_status":"closed","template":"tmpl\/template-fullwidth.php","meta":{"footnotes":""},"class_list":["post-723","page","type-page","status-publish","hentry"],"acf":[],"_links":{"self":[{"href":"https:\/\/gruposergus.com\/index.php?rest_route=\/wp\/v2\/pages\/723","targetHints":{"allow":["GET"]}}],"collection":[{"href":"https:\/\/gruposergus.com\/index.php?rest_route=\/wp\/v2\/pages"}],"about":[{"href":"https:\/\/gruposergus.com\/index.php?rest_route=\/wp\/v2\/types\/page"}],"author":[{"embeddable":true,"href":"https:\/\/gruposergus.com\/index.php?rest_route=\/wp\/v2\/users\/1"}],"replies":[{"embeddable":true,"href":"https:\/\/gruposergus.com\/index.php?rest_route=%2Fwp%2Fv2%2Fcomments&post=723"}],"version-history":[{"count":23,"href":"https:\/\/gruposergus.com\/index.php?rest_route=\/wp\/v2\/pages\/723\/revisions"}],"predecessor-version":[{"id":2119,"href":"https:\/\/gruposergus.com\/index.php?rest_route=\/wp\/v2\/pages\/723\/revisions\/2119"}],"up":[{"embeddable":true,"href":"https:\/\/gruposergus.com\/index.php?rest_route=\/wp\/v2\/pages\/721"}],"wp:attachment":[{"href":"https:\/\/gruposergus.com\/index.php?rest_route=%2Fwp%2Fv2%2Fmedia&parent=723"}],"curies":[{"name":"wp","href":"https:\/\/api.w.org\/{rel}","templated":true}]}}