{"id":729,"date":"2018-08-08T10:11:21","date_gmt":"2018-08-08T13:11:21","guid":{"rendered":"https:\/\/gruposergus.com\/?page_id=729"},"modified":"2022-06-02T02:59:30","modified_gmt":"2022-06-02T05:59:30","slug":"higienizacion-covid","status":"publish","type":"page","link":"https:\/\/gruposergus.com\/?page_id=729","title":{"rendered":"Higienizaci\u00f3n Covid"},"content":{"rendered":"<p>[vc_section css=&#8221;.vc_custom_1647577710046{background: #1db8cc url(https:\/\/gruposergus.com\/wp-content\/uploads\/2022\/03\/aseo-covid-scaled.jpg?id=1910) !important;background-position: center !important;background-repeat: no-repeat !important;background-size: cover !important;}&#8221; el_class=&#8221;mask text-shadow&#8221;][vc_row css=&#8221;.vc_custom_1575623860526{padding-top: 120px !important;padding-bottom: 100px !important;}&#8221;][vc_column width=&#8221;1\/6&#8243;][\/vc_column][vc_column width=&#8221;2\/3&#8243;][vc_custom_heading text=&#8221;Higienizaci\u00f3n Covid&#8221; font_container=&#8221;tag:div|font_size:3rem|text_align:center|color:%23ffffff&#8221; use_theme_fonts=&#8221;yes&#8221; css_animation=&#8221;fadeInUp&#8221; css=&#8221;.vc_custom_1654148395895{margin-left: 3px !important;}&#8221; el_class=&#8221;delay-1 custom-hd&#8221;][vc_empty_space height=&#8221;20px&#8221;][vc_custom_heading text=&#8221;infecciones bacterianas&#8221; font_container=&#8221;tag:h2|font_size:6rem|text_align:center|color:%23ffffff|line_height:0.9&#8243; use_theme_fonts=&#8221;yes&#8221; css_animation=&#8221;fadeInUp&#8221; el_class=&#8221;custom-hd delay-2&#8243;][vc_separator color=&#8221;white&#8221; border_width=&#8221;5&#8243; el_width=&#8221;10&#8243; css_animation=&#8221;fadeInUp&#8221; el_class=&#8221;delay-4&#8243; css=&#8221;.vc_custom_1540434095954{margin-bottom: 50px !important;padding-top: 15px !important;}&#8221;][vc_column_text css_animation=&#8221;fadeInUp&#8221; css=&#8221;.vc_custom_1647577771855{margin-left: 3px !important;}&#8221; el_class=&#8221;delay-3&#8243;][\/vc_column_text][\/vc_column][vc_column width=&#8221;1\/6&#8243;][\/vc_column][\/vc_row][\/vc_section][vc_section css_animation=&#8221;none&#8221; el_id=&#8221;overview&#8221;][vc_row el_class=&#8221;gradient2&#8243;][vc_column width=&#8221;1\/6&#8243;][\/vc_column][vc_column width=&#8221;2\/3&#8243;][vc_empty_space height=&#8221;80px&#8221;][vc_empty_space height=&#8221;6px&#8221;][vc_custom_heading text=&#8221;Servicios expertos de Higienizaci\u00f3n Covid&#8221; font_container=&#8221;tag:h3|text_align:center&#8221; use_theme_fonts=&#8221;yes&#8221;][vc_empty_space height=&#8221;20px&#8221;][vc_column_text]La sanitizaci\u00f3n en tiempos de COVID\u201319 es de extrema importancia. En Grupo Sergus contamos con qu\u00edmicos espec\u00edficos, de uso y manipulaci\u00f3n de ambientes espec\u00edficos y eliminan y frenan el brote de bacterias, hongos y virus.[\/vc_column_text][vc_empty_space height=&#8221;60px&#8221;][\/vc_column][vc_column width=&#8221;1\/6&#8243;][\/vc_column][\/vc_row][\/vc_section][vc_section el_id=&#8221;sectors&#8221; css=&#8221;.vc_custom_1575623287555{padding-top: 80px !important;padding-bottom: 30px !important;}&#8221; el_class=&#8221;gradient3&#8243;][vc_row css_animation=&#8221;none&#8221;][vc_column][vc_empty_space height=&#8221;6px&#8221;][vc_custom_heading text=&#8221;Los sectores industriales a los que servimos incluyen&#8221; font_container=&#8221;tag:h3|text_align:center&#8221; use_theme_fonts=&#8221;yes&#8221;][vc_empty_space height=&#8221;60px&#8221;]<ul class=\"iconlist iconlist iconlist-icon-small columns-3 gap-50\"><li><div ><div class=\"iconlist-item-icon\"><img decoding=\"async\" src=\"https:\/\/gruposergus.com\/wp-content\/uploads\/2018\/09\/bank-notes-2448_bd66c927-7837-4dbf-bc25-d49656dfe619.svg\" alt=\"bank-notes-2448_bd66c927-7837-4dbf-bc25-d49656dfe619\" \/><\/div><div class=\"iconlist-item-content\"><h4><u>Protocolos<\/u><\/h4><p>Capacitamos a nuestros trabajadores bajo los protocolos del Ministerio de salud, de esta manera asegurar la eficiencia y seguridad de nuestro servicio. Priorizamos la limpieza y desinfecci\u00f3n de todas aquellas superficies que son manipuladas por los usuarios con alta frecuencia.<\/div><\/div><\/li><li><div ><div class=\"iconlist-item-icon\"><img decoding=\"async\" src=\"https:\/\/gruposergus.com\/wp-content\/uploads\/2018\/09\/bank-cards-2445_a1e87fce-3f73-4202-9204-4ad23d9ce522.svg\" alt=\"bank-cards-2445_a1e87fce-3f73-4202-9204-4ad23d9ce522\" \/><\/div><div class=\"iconlist-item-content\"><h4><u>Equipamiento<\/u><\/h4><p>Contamos con equipamiento de alta calidad para prevenir el contagio de tus trabajadores, cada uno de ellos con el registro del Ministerio de salud y el Instituto de Salud P\u00fablica.<\/div><\/div><\/li><li><div ><div class=\"iconlist-item-icon\"><img decoding=\"async\" src=\"https:\/\/gruposergus.com\/wp-content\/uploads\/2018\/09\/coins-2452_3800c0d7-bb74-4470-909a-e107b62b50e6.svg\" alt=\"coins-2452_3800c0d7-bb74-4470-909a-e107b62b50e6\" \/><\/div><div class=\"iconlist-item-content\"><h4><u>Control de residuos<\/u><\/h4><p>Todos los elementos de limpieza infecciosos son desechados conforme a la reglamentaci\u00f3n vigente del Ministerio de Salud y el reglamento sobre el manejo de residuos peligrosos.<\/div><\/div><\/li><\/ul>[\/vc_column][\/vc_row][\/vc_section][vc_section css_animation=&#8221;none&#8221; el_id=&#8221;benefits&#8221; css=&#8221;.vc_custom_1575623303709{padding-top: 80px !important;padding-bottom: 80px !important;background-color: #231834 !important;}&#8221;][vc_row][vc_column width=&#8221;1\/12&#8243;][\/vc_column][vc_column width=&#8221;5\/6&#8243;][vc_custom_heading text=&#8221;Higienizaci\u00f3n Covid&#8221; font_container=&#8221;tag:h6|font_size:10px|text_align:center|color:%231dc2ef&#8221; use_theme_fonts=&#8221;yes&#8221; el_class=&#8221;style1&#8243;][vc_empty_space height=&#8221;6px&#8221;][vc_empty_space height=&#8221;60px&#8221;][\/vc_column][vc_column width=&#8221;1\/12&#8243;][\/vc_column][\/vc_row][vc_row css_animation=&#8221;none&#8221;][vc_column]<ul class=\"iconlist iconlist iconlist-icon-medium \"><li><div class=\"aligncenter shadow wpb_animate_when_almost_visible fadeIn delay-1  vc_custom_1654119047585\"><div class=\"iconlist-item-icon\"><\/div><div class=\"iconlist-item-content\"><h6><span style=\"color: #ffffff\">Seguridad<\/span><\/h6><p><span style=\"color: #9b9aad\">Con nuestro servicio de limpieza buscamos disminuir la cantidad de contagios y<br \/>mejorar el clima laboral de su empresa.<\/span><\/div><\/div><\/li><li><div class=\"aligncenter shadow wpb_animate_when_almost_visible fadeIn delay-2  vc_custom_1654119088878\"><div class=\"iconlist-item-icon\"><\/div><div class=\"iconlist-item-content\"><h6><span style=\"color: #ffffff\">Expertos en limpieza<\/span><\/h6><p><span style=\"color: #9b9aad\">Nuestros expertos estudian tu instalaci\u00f3n y buscan la mejor manera de desinfectar todos los lugares con mayor flujo de trabajadores o exposici\u00f3n al COVID 19.<\/span><\/div><\/div><\/li><li><div class=\"aligncenter shadow wpb_animate_when_almost_visible fadeIn delay-3  vc_custom_1654119123506\"><div class=\"iconlist-item-icon\"><\/div><div class=\"iconlist-item-content\"><h6><span style=\"color: #ffffff\">Equipamiento<\/span><\/h6><p><span style=\"color: #9b9aad\">Contamos con equipamiento de la m\u00e1s alta calidad, certificado por el Instituto de<br \/>Salud P\u00fablica y respaldado por nuestros expertos en limpieza.<\/span><\/div><\/div><\/li><li><div class=\"aligncenter shadow wpb_animate_when_almost_visible fadeIn delay-4  vc_custom_1654119157392\"><div class=\"iconlist-item-icon\"><\/div><div class=\"iconlist-item-content\"><h6><span style=\"color: #ffffff\">Medidas minsal<\/span><\/h6><p>Todos nuestros protocolos de limpieza est\u00e1n alineados con los dictados por el<br \/>ministerio de salud. De esta manera la mejor calidad del servicio.<\/div><\/div><\/li><\/ul>[vc_empty_space height=&#8221;10px&#8221;][vc_column_text]<\/p>\n<p style=\"text-align: center; font-size: 15px;\">Deje de perder tiempo y dinero. <a href=\"https:\/\/gruposergus.com\/?page_id=239\">Empecemos<\/a><\/p>\n<p>[\/vc_column_text][\/vc_column][\/vc_row][\/vc_section]<\/p>\n","protected":false},"excerpt":{"rendered":"<p>[vc_section css=&#8221;.vc_custom_1647577710046{background: #1db8cc url(https:\/\/gruposergus.com\/wp-content\/uploads\/2022\/03\/aseo-covid-scaled.jpg?id=1910) !important;background-position: center !important;background-repeat: no-repeat !important;background-size: cover !important;}&#8221; el_class=&#8221;mask text-shadow&#8221;][vc_row css=&#8221;.vc_custom_1575623860526{padding-top: 120px !important;padding-bottom: 100px !important;}&#8221;][vc_column width=&#8221;1\/6&#8243;][\/vc_column][vc_column width=&#8221;2\/3&#8243;][vc_custom_heading text=&#8221;Higienizaci\u00f3n Covid&#8221; font_container=&#8221;tag:div|font_size:3rem|text_align:center|color:%23ffffff&#8221; use_theme_fonts=&#8221;yes&#8221; css_animation=&#8221;fadeInUp&#8221; css=&#8221;.vc_custom_1654148395895{margin-left: 3px !important;}&#8221; el_class=&#8221;delay-1 custom-hd&#8221;][vc_empty_space height=&#8221;20px&#8221;][vc_custom_heading text=&#8221;infecciones bacterianas&#8221; font_container=&#8221;tag:h2|font_size:6rem|text_align:center|color:%23ffffff|line_height:0.9&#8243; use_theme_fonts=&#8221;yes&#8221; css_animation=&#8221;fadeInUp&#8221; el_class=&#8221;custom-hd delay-2&#8243;][vc_separator color=&#8221;white&#8221; border_width=&#8221;5&#8243; el_width=&#8221;10&#8243; css_animation=&#8221;fadeInUp&#8221; el_class=&#8221;delay-4&#8243; css=&#8221;.vc_custom_1540434095954{margin-bottom: 50px !important;padding-top: 15px !important;}&#8221;][vc_column_text css_animation=&#8221;fadeInUp&#8221; css=&#8221;.vc_custom_1647577771855{margin-left: 3px !important;}&#8221; el_class=&#8221;delay-3&#8243;][\/vc_column_text][\/vc_column][vc_column width=&#8221;1\/6&#8243;][\/vc_column][\/vc_row][\/vc_section][vc_section css_animation=&#8221;none&#8221; [&hellip;]<\/p>\n","protected":false},"author":1,"featured_media":0,"parent":721,"menu_order":0,"comment_status":"closed","ping_status":"closed","template":"tmpl\/template-fullwidth.php","meta":{"footnotes":""},"class_list":["post-729","page","type-page","status-publish","hentry"],"acf":[],"_links":{"self":[{"href":"https:\/\/gruposergus.com\/index.php?rest_route=\/wp\/v2\/pages\/729","targetHints":{"allow":["GET"]}}],"collection":[{"href":"https:\/\/gruposergus.com\/index.php?rest_route=\/wp\/v2\/pages"}],"about":[{"href":"https:\/\/gruposergus.com\/index.php?rest_route=\/wp\/v2\/types\/page"}],"author":[{"embeddable":true,"href":"https:\/\/gruposergus.com\/index.php?rest_route=\/wp\/v2\/users\/1"}],"replies":[{"embeddable":true,"href":"https:\/\/gruposergus.com\/index.php?rest_route=%2Fwp%2Fv2%2Fcomments&post=729"}],"version-history":[{"count":10,"href":"https:\/\/gruposergus.com\/index.php?rest_route=\/wp\/v2\/pages\/729\/revisions"}],"predecessor-version":[{"id":2181,"href":"https:\/\/gruposergus.com\/index.php?rest_route=\/wp\/v2\/pages\/729\/revisions\/2181"}],"up":[{"embeddable":true,"href":"https:\/\/gruposergus.com\/index.php?rest_route=\/wp\/v2\/pages\/721"}],"wp:attachment":[{"href":"https:\/\/gruposergus.com\/index.php?rest_route=%2Fwp%2Fv2%2Fmedia&parent=729"}],"curies":[{"name":"wp","href":"https:\/\/api.w.org\/{rel}","templated":true}]}}