{"id":733,"date":"2018-08-08T10:11:58","date_gmt":"2018-08-08T10:11:58","guid":{"rendered":"https:\/\/gruposergus.com\/?page_id=733"},"modified":"2024-04-13T00:45:35","modified_gmt":"2024-04-13T03:45:35","slug":"higher-education","status":"publish","type":"page","link":"https:\/\/gruposergus.com\/?page_id=733","title":{"rendered":"Mantenci\u00f3n \u00e1reas Verdes"},"content":{"rendered":"<p>[vc_section css=&#8221;.vc_custom_1712978903238{background: #29a52b url(https:\/\/gruposergus.com\/wp-content\/uploads\/2024\/04\/slider-jardines-scaled.webp?id=2353) !important;background-position: center !important;background-repeat: no-repeat !important;background-size: cover !important;}&#8221; el_class=&#8221;mask&#8221;][vc_row css=&#8221;.vc_custom_1575624038749{padding-top: 120px !important;padding-bottom: 100px !important;}&#8221;][vc_column width=&#8221;1\/6&#8243;][\/vc_column][vc_column width=&#8221;2\/3&#8243;][vc_custom_heading text=&#8221;Aseo empresas e industrias&#8221; font_container=&#8221;tag:div|font_size:3rem|text_align:center|color:%23ffffff&#8221; use_theme_fonts=&#8221;yes&#8221; css_animation=&#8221;fadeInUp&#8221; css=&#8221;.vc_custom_1712978485403{margin-left: 3px !important;}&#8221; el_class=&#8221;delay-1 custom-hd&#8221;][vc_empty_space height=&#8221;20px&#8221;][vc_custom_heading text=&#8221;Mantenci\u00f3n de Areas Verdes&#8221; font_container=&#8221;tag:h2|font_size:6rem|text_align:center|color:%23ffffff|line_height:0.9&#8243; use_theme_fonts=&#8221;yes&#8221; css_animation=&#8221;fadeInUp&#8221; el_class=&#8221;custom-hd delay-2&#8243;][vc_separator color=&#8221;white&#8221; border_width=&#8221;5&#8243; el_width=&#8221;10&#8243; css_animation=&#8221;fadeInUp&#8221; el_class=&#8221;delay-4&#8243; css=&#8221;.vc_custom_1540434211018{margin-bottom: 50px !important;padding-top: 15px !important;}&#8221;][vc_column_text css_animation=&#8221;fadeInUp&#8221; css=&#8221;.vc_custom_1712978514760{margin-left: 3px !important;}&#8221; el_class=&#8221;delay-3&#8243;]<\/p>\n<p style=\"text-align: center;\"><a class=\"button line\" href=\"https:\/\/gruposergus.com\/contact-us\/\">Solicite la asesor\u00eda de nuestros ejecutivos<\/a><\/p>\n<p>[\/vc_column_text][\/vc_column][vc_column width=&#8221;1\/6&#8243;][\/vc_column][\/vc_row][\/vc_section][vc_section css_animation=&#8221;none&#8221; el_id=&#8221;overview&#8221;][vc_row el_class=&#8221;gradient2&#8243;][vc_column width=&#8221;1\/6&#8243;][\/vc_column][vc_column width=&#8221;2\/3&#8243;][vc_empty_space height=&#8221;80px&#8221;][vc_custom_heading text=&#8221;overview&#8221; font_container=&#8221;tag:h6|font_size:10px|text_align:center|color:%23627792&#8243; use_theme_fonts=&#8221;yes&#8221; el_class=&#8221;style1&#8243;][vc_empty_space height=&#8221;6px&#8221;][vc_custom_heading text=&#8221;Mantenga sus instalaciones interiores y exteriores en perfecta armon\u00eda&#8221; font_container=&#8221;tag:h3|text_align:center&#8221; use_theme_fonts=&#8221;yes&#8221;][vc_empty_space height=&#8221;20px&#8221;][vc_column_text]Nuestro servicio de mantenimiento de \u00e1reas verdes ofrece un oasis de belleza y frescura para tu entorno. Con un equipo especializado y conocimientos bot\u00e1nicos, nos encargamos de cuidar y embellecer tus espacios al aire libre, desde jardines hasta parques y zonas recreativas. Podamos, fertilizamos y regamos con precisi\u00f3n, asegurando que cada planta y c\u00e9sped luzcan exuberantes y saludables durante todo el a\u00f1o. Conf\u00eda en nosotros para mantener tus \u00e1reas verdes en su mejor estado, creando un ambiente armonioso y acogedor para disfrutar en cualquier ocasi\u00f3n.<\/p>\n<ul>\n<li>Nuestro servicio integral para instituciones garantiza un entorno impecable y funcional en cada detalle. Desde la limpieza profunda de las instalaciones hasta el mantenimiento de jardines y la gesti\u00f3n de residuos, nuestro equipo altamente capacitado se encarga de todo, adapt\u00e1ndose a las necesidades espec\u00edficas de tu instituci\u00f3n. Con enfoque en la sostenibilidad ambiental, ofrecemos resultados consistentes y de alta calidad, asegurando un entorno que refleje profesionalismo, cuidado y compromiso con la excelencia. Conf\u00eda en nosotros para mejorar tu espacio institucional.<\/li>\n<\/ul>\n<p>[\/vc_column_text][vc_empty_space height=&#8221;60px&#8221;][\/vc_column][vc_column width=&#8221;1\/6&#8243;][\/vc_column][\/vc_row][\/vc_section][vc_section el_id=&#8221;sectors&#8221; css=&#8221;.vc_custom_1575623287555{padding-top: 80px !important;padding-bottom: 30px !important;}&#8221; el_class=&#8221;gradient3&#8243;][vc_row css_animation=&#8221;none&#8221;][vc_column][vc_custom_heading text=&#8221;Somos especialistas en Limpiaza, Mantenci\u00f3n y seguridad&#8221; font_container=&#8221;tag:h6|font_size:10px|text_align:center|color:%23627792&#8243; use_theme_fonts=&#8221;yes&#8221; el_class=&#8221;style1&#8243;][vc_custom_heading text=&#8221;Nuestra experiencia y calidad es referencia de nuestro servicio&#8221; font_container=&#8221;tag:h3|text_align:center&#8221; use_theme_fonts=&#8221;yes&#8221;][\/vc_column][\/vc_row][\/vc_section][vc_row gap=&#8221;35&#8243; content_placement=&#8221;middle&#8221; css=&#8221;.vc_custom_1575623400425{padding-top: 80px !important;padding-bottom: 60px !important;background-color: #f3f6f9 !important;}&#8221; el_id=&#8221;expertise&#8221;][vc_column css_animation=&#8221;fadeIn&#8221; width=&#8221;1\/2&#8243; el_class=&#8221;delay-1&#8243;][vc_custom_heading text=&#8221;Serivicio integral&#8221; font_container=&#8221;tag:h6|font_size:10px|text_align:left|color:%23627792&#8243; use_theme_fonts=&#8221;yes&#8221; el_class=&#8221;style1&#8243;][vc_empty_space height=&#8221;6px&#8221;][vc_custom_heading text=&#8221;Asesores Sergus a su servicio&#8221; font_container=&#8221;tag:h3|text_align:left&#8221; use_theme_fonts=&#8221;yes&#8221;][vc_empty_space height=&#8221;20px&#8221;][vc_column_text]BNuestro equipo de especialistas lo podr\u00e1n guiar en soluciones r\u00e1pidas y concretas enfocadas en su negocio, de esta forma usted podr\u00e1 dejar este problema en nuestras manos y ayudarle a gestionar de manera eficiente sus necesidades[\/vc_column_text][vc_empty_space height=&#8221;50px&#8221;][vc_row_inner][vc_column_inner width=&#8221;1\/2&#8243; offset=&#8221;vc_col-xs-6&#8243;]<div class=\"counter  \"> <div class=\"counter-detail\">\n\t\t<h3 class=\"counter-content\">\n\t\t\t<span class=\"counter-prefix\"><\/span><span class=\"counter-value\" data-from=\"0\" data-to=\"54\" data-speed=\"1000\">0<\/span><span class=\"counter-suffix\">+<\/span>\n\t\t<\/h3>\n\t<div class=\"counter-title\">Contratos vigentes<\/div><\/div><\/div>[\/vc_column_inner][vc_column_inner width=&#8221;1\/2&#8243; offset=&#8221;vc_col-xs-6&#8243;]<div class=\"counter  \"> <div class=\"counter-detail\">\n\t\t<h3 class=\"counter-content\">\n\t\t\t<span class=\"counter-prefix\"><\/span><span class=\"counter-value\" data-from=\"0\" data-to=\"10\" data-speed=\"1000\">0<\/span><span class=\"counter-suffix\">\/10<\/span>\n\t\t<\/h3>\n\t<div class=\"counter-title\">Calificaci\u00f3n de satisfacci\u00f3n<\/div><\/div><\/div>[\/vc_column_inner][\/vc_row_inner][vc_empty_space height=&#8221;20px&#8221;][\/vc_column][vc_column width=&#8221;1\/2&#8243;][vc_single_image image=&#8221;2357&#8243; img_size=&#8221;1170&#215;700&#8243; style=&#8221;vc_box_shadow&#8221; css_animation=&#8221;fadeInRight&#8221;][vc_empty_space height=&#8221;20px&#8221;][\/vc_column][\/vc_row]<\/p>\n","protected":false},"excerpt":{"rendered":"<p>[vc_section css=&#8221;.vc_custom_1712978903238{background: #29a52b url(https:\/\/gruposergus.com\/wp-content\/uploads\/2024\/04\/slider-jardines-scaled.webp?id=2353) !important;background-position: center !important;background-repeat: no-repeat !important;background-size: cover !important;}&#8221; el_class=&#8221;mask&#8221;][vc_row css=&#8221;.vc_custom_1575624038749{padding-top: 120px !important;padding-bottom: 100px !important;}&#8221;][vc_column width=&#8221;1\/6&#8243;][\/vc_column][vc_column width=&#8221;2\/3&#8243;][vc_custom_heading text=&#8221;Aseo empresas e industrias&#8221; font_container=&#8221;tag:div|font_size:3rem|text_align:center|color:%23ffffff&#8221; use_theme_fonts=&#8221;yes&#8221; css_animation=&#8221;fadeInUp&#8221; css=&#8221;.vc_custom_1712978485403{margin-left: 3px !important;}&#8221; el_class=&#8221;delay-1 custom-hd&#8221;][vc_empty_space height=&#8221;20px&#8221;][vc_custom_heading text=&#8221;Mantenci\u00f3n de Areas Verdes&#8221; font_container=&#8221;tag:h2|font_size:6rem|text_align:center|color:%23ffffff|line_height:0.9&#8243; use_theme_fonts=&#8221;yes&#8221; css_animation=&#8221;fadeInUp&#8221; el_class=&#8221;custom-hd delay-2&#8243;][vc_separator color=&#8221;white&#8221; border_width=&#8221;5&#8243; el_width=&#8221;10&#8243; css_animation=&#8221;fadeInUp&#8221; el_class=&#8221;delay-4&#8243; css=&#8221;.vc_custom_1540434211018{margin-bottom: 50px !important;padding-top: 15px !important;}&#8221;][vc_column_text css_animation=&#8221;fadeInUp&#8221; css=&#8221;.vc_custom_1712978514760{margin-left: 3px !important;}&#8221; [&hellip;]<\/p>\n","protected":false},"author":1,"featured_media":0,"parent":721,"menu_order":0,"comment_status":"closed","ping_status":"closed","template":"tmpl\/template-fullwidth.php","meta":{"footnotes":""},"class_list":["post-733","page","type-page","status-publish","hentry"],"acf":[],"_links":{"self":[{"href":"https:\/\/gruposergus.com\/index.php?rest_route=\/wp\/v2\/pages\/733","targetHints":{"allow":["GET"]}}],"collection":[{"href":"https:\/\/gruposergus.com\/index.php?rest_route=\/wp\/v2\/pages"}],"about":[{"href":"https:\/\/gruposergus.com\/index.php?rest_route=\/wp\/v2\/types\/page"}],"author":[{"embeddable":true,"href":"https:\/\/gruposergus.com\/index.php?rest_route=\/wp\/v2\/users\/1"}],"replies":[{"embeddable":true,"href":"https:\/\/gruposergus.com\/index.php?rest_route=%2Fwp%2Fv2%2Fcomments&post=733"}],"version-history":[{"count":5,"href":"https:\/\/gruposergus.com\/index.php?rest_route=\/wp\/v2\/pages\/733\/revisions"}],"predecessor-version":[{"id":2358,"href":"https:\/\/gruposergus.com\/index.php?rest_route=\/wp\/v2\/pages\/733\/revisions\/2358"}],"up":[{"embeddable":true,"href":"https:\/\/gruposergus.com\/index.php?rest_route=\/wp\/v2\/pages\/721"}],"wp:attachment":[{"href":"https:\/\/gruposergus.com\/index.php?rest_route=%2Fwp%2Fv2%2Fmedia&parent=733"}],"curies":[{"name":"wp","href":"https:\/\/api.w.org\/{rel}","templated":true}]}}